{"id":103,"date":"2021-10-11T00:05:32","date_gmt":"2021-10-10T22:05:32","guid":{"rendered":"https:\/\/gasbadia.com\/repsol\/?page_id=103"},"modified":"2021-10-20T12:15:59","modified_gmt":"2021-10-20T10:15:59","slug":"avis-legal","status":"publish","type":"page","link":"https:\/\/gasbadia.com\/repsol\/avis-legal\/","title":{"rendered":"Av\u00eds legal"},"content":{"rendered":"<div id='av_section_1'  class='avia-section av-4mspj-39870d16fa2aa08426e3333d63088b76 main_color avia-section-default avia-no-border-styling  avia-builder-el-0  el_before_av_section  avia-builder-el-first  avia-bg-style-scroll  av-desktop-hide av-medium-hide container_wrap sidebar_right'  ><div class='container av-section-cont-open' ><main  role=\"main\" itemprop=\"mainContentOfPage\"  class='template-page content  av-content-small alpha units'><div class='post-entry post-entry-type-page post-entry-103'><div class='entry-content-wrapper clearfix'>\n<div class='flex_column av-10j0cv-9be9248024480539d1bdf404d7cb1e6b av_one_full  avia-builder-el-1  avia-builder-el-no-sibling  first flex_column_div '   ><style type=\"text\/css\" data-created_by=\"avia_inline_auto\" id=\"style-css-av-xvb53-994fd4486c665db2c0b572082ffb428b\">\n.avia-image-container.av-xvb53-994fd4486c665db2c0b572082ffb428b .av-image-caption-overlay-center{\ncolor:#ffffff;\n}\n<\/style>\n<div  class='avia-image-container av-xvb53-994fd4486c665db2c0b572082ffb428b av-styling- avia-align-center  avia-builder-el-2  avia-builder-el-no-sibling  '  itemprop=\"image\" itemscope=\"itemscope\" itemtype=\"https:\/\/schema.org\/ImageObject\" ><div class=\"avia-image-container-inner\"><div class=\"avia-image-overlay-wrap\"><img decoding=\"async\" class='wp-image-188 avia-img-lazy-loading-not-188 avia_image' src=\"https:\/\/gasbadia.com\/repsol\/wp-content\/uploads\/2021\/10\/distribuidor-repsol-exp-6.png\" alt='' title=''  height=\"105\" width=\"563\"  itemprop=\"thumbnailUrl\" srcset=\"https:\/\/gasbadia.com\/repsol\/wp-content\/uploads\/2021\/10\/distribuidor-repsol-exp-6.png 563w, https:\/\/gasbadia.com\/repsol\/wp-content\/uploads\/2021\/10\/distribuidor-repsol-exp-6-300x56.png 300w\" sizes=\"(max-width: 563px) 100vw, 563px\" \/><\/div><\/div><\/div><\/div>\n\n<\/div><\/div><\/main><!-- close content main element --><\/div><\/div><div id='av_section_2'  class='avia-section av-quacf-684acdecb8d69cd2920d036806fa16ce main_color avia-section-default avia-no-border-styling  avia-builder-el-3  el_after_av_section  avia-builder-el-last  avia-bg-style-scroll  container_wrap sidebar_right'  ><div class='container av-section-cont-open' ><div class='template-page content  av-content-small alpha units'><div class='post-entry post-entry-type-page post-entry-103'><div class='entry-content-wrapper clearfix'>\n\n<style type=\"text\/css\" data-created_by=\"avia_inline_auto\" id=\"style-css-av-kuzctge4-9ca613eaa0fc57e8d4803675394c27c4\">\n#top .av-special-heading.av-kuzctge4-9ca613eaa0fc57e8d4803675394c27c4{\npadding-bottom:10px;\n}\n<\/style>\n<div  class='av-special-heading av-kuzctge4-9ca613eaa0fc57e8d4803675394c27c4 av-special-heading-h3  avia-builder-el-4  el_before_av_one_full  avia-builder-el-first  '><h3 class='av-special-heading-tag '  itemprop=\"headline\"  >Avis legal<\/h3><div class='special-heading-border'><div class='special-heading-inner-border'><\/div><\/div><\/div>\n<div class='flex_column av-k8v9z-6762c6bff378c90dfdc5bd37f9787b54 av_one_full  avia-builder-el-5  el_after_av_heading  avia-builder-el-last  first flex_column_div '   ><section class=\"av_textblock_section \"  itemscope=\"itemscope\" itemtype=\"https:\/\/schema.org\/CreativeWork\" ><div class='avia_textblock  '   itemprop=\"text\" ><p><strong>TITULAR DE LA WEB<\/strong><\/p>\n<p>En compliment del deure d\u2019informar recollit en article 10 de la Llei 34\/2002, d\u201911 de juliol, de Serveis de la Societat de la Informaci\u00f3 i del Comer\u00e7 Electr\u00f2nic, a continuaci\u00f3 es reflecteixen les seg\u00fcents dades:<\/p>\n<p>Empresa titular d\u2019aquesta web: GAS BAD\u00cdA SL<br \/>\nC.I.F.: B-25284951<br \/>\nDomicili: Carrer Major, 17 \u2013 25700 \u2013 LA SEU D\u2019URGELL (LLEIDA)<br \/>\nTel\u00e8fon: 973 350 187<br \/>\nCorreu electr\u00f2nic: info@gasbadia.com<\/p>\n<p><strong>OBJECTE<\/strong><\/p>\n<p>El responsable posa a disposici\u00f3 dels usuaris el present document amb el qual pret\u00e9n donar compliment del que disposa la normativa vigent en mat\u00e8ria de protecci\u00f3 de dades, i en el context del nou marc normatiu establert en virtut del qual disposa el Reglament (UE) 2016\/679 del Parlament Europeu i del Consell, de 27 d\u2019abril de 2016, relatiu a la protecci\u00f3 de les persones f\u00edsiques pel que fa al tractament de dades personals i a la lliure circulaci\u00f3 d\u2019aquestes dades (en endavant, el \u201cRGPD\u201d), i la normativa nacional Llei Org\u00e0nica de Protecci\u00f3 de Dades i Garantia dels Drets Digitals (en endavant, el \u201cLOPDGDD\u201d), aix\u00ed com informar a tots els usuaris del lloc web respecte a quines s\u00f3n les condicions d\u2019\u00fas d\u2019aquest.<\/p>\n<p>Tota persona que accedeixi a aquest lloc web assumeix el paper d\u2019usuari, comprometent-se a l\u2019observan\u00e7a i compliment rigor\u00f3s de les disposicions aqu\u00ed disposades, aix\u00ed com a qualsevol altra disposici\u00f3 legal aplicable.<\/p>\n<p>El Responsable es reserva el dret a modificar qualsevol tipus d\u2019informaci\u00f3 publicada al lloc web, sense que hi hagi obligaci\u00f3 de preavisar o posar en coneixement dels usuaris aquestes obligacions, entenent-se com suficient amb la publicaci\u00f3 al lloc web del Responsable.<\/p>\n<p><strong>RESPONSABILITAT<\/strong><\/p>\n<p>El Responsable s\u2019eximeix de qualsevol tipus de responsabilitat derivada de la informaci\u00f3 publicada al seu lloc web que hagi estat manipulada o introdu\u00efda per un tercer ali\u00e8 a aquest.<\/p>\n<p><strong>ADRECES IP<\/strong><\/p>\n<p>Els servidors del lloc web detecten de manera autom\u00e0tica l\u2019adre\u00e7a IP i el nom de domini utilitzats per l\u2019usuari.<\/p>\n<p>Una adre\u00e7a IP \u00e9s un nombre assignat autom\u00e0ticament a un ordinador quan aquest es connecta a Internet. Tota aquesta informaci\u00f3 \u00e9s registrada en un fitxer d\u2019activitat del servidor, degudament inscrit, que permet el posterior processament de les dades amb la finalitat d\u2019obtenir mesures \u00fanicament estad\u00edstiques que permetin con\u00e8ixer el nombre d\u2019impressions de p\u00e0gines, el nombre de visites realitzades als servidors web, l\u2019ordre de visites, el punt d\u2019acc\u00e9s, etc.<\/p>\n<p><strong>POL\u00cdTICA DE ENLLA\u00c7OS<\/strong><\/p>\n<p>Des del present lloc web \u00e9s possible que es redirigeixi a continguts de tercers llocs web. At\u00e8s que El Responsable no pot controlar sempre els continguts introdu\u00efts pels tercers en els seus llocs web, aquest no assumeix cap tipus de responsabilitat respecte a aquests continguts. En tot cas, El Responsable manifesta que procedir\u00e0 a la retirada immediata de qualsevol contingut que pogu\u00e9s contravenir la legislaci\u00f3 nacional o internacional, la moral o l\u2019ordre p\u00fablic, procedint a la retirada immediata de la redirecci\u00f3 a dit lloc web, posant en coneixement de les autoritats competents el contingut en q\u00fcesti\u00f3.<\/p>\n<p>El Responsable no es fa responsable de la informaci\u00f3 i continguts emmagatzemats, a t\u00edtol enunciatiu per\u00f2 no limitatiu, en f\u00f2rums, xat, generadors de blocs, comentaris, xarxes socials o qualsevol altre mitj\u00e0 que permeti a tercers publicar continguts de forma independent en la p\u00e0gina web del Responsable. No obstant aix\u00f2 i en compliment del que disposa l\u2019art. 11 i 16 de la LSSICE, El Responsable es posa a disposici\u00f3 de tots els usuaris, autoritats i forces de seguretat, col\u00b7laborant de forma activa en la retirada o si escau bloqueig de tots aquells continguts que puguin afectar o contravenir la legislaci\u00f3 nacional, o internacional, drets de tercers o la moral i l\u2019ordre p\u00fablic. En cas que l\u2019usuari consideri que existeix en el lloc web algun contingut que pogu\u00e9s ser susceptible d\u2019aquesta classificaci\u00f3, es prega que ho faci saber de forma immediata a l\u2019administrador del lloc web.<\/p>\n<p>Aquest lloc web ha estat revisat i provat perqu\u00e8 funcioni correctament. En principi, pot garantir-se el correcte funcionament els 365 dies de l\u2019any, 24 hores al dia. No obstant aix\u00f2, El Responsable no descarta la possibilitat que existeixin certs errors de programaci\u00f3, o que esdevinguin causes de for\u00e7a major, cat\u00e0strofes naturals, vagues, o circumst\u00e0ncies semblants que facin impossible l\u2019acc\u00e9s a la p\u00e0gina web.<\/p>\n<p><strong>PROTECCI\u00d3 DE DADES<\/strong><\/p>\n<p>El Responsable compleix el que disposa el Reglament (UE) 2016\/679 del Parlament Europeu i del Consell, de 27 d\u2019abril de 2016, relatiu a la protecci\u00f3 de les persones f\u00edsiques pel que fa al tractament de dades personals i a la lliure circulaci\u00f3 d\u2019aquestes dades (RGPD), i la normativa nacional Llei Org\u00e0nica de Protecci\u00f3 de Dades y Garantia dels Drets Digitals (LOPDGDD).<\/p>\n<p>Aix\u00ed mateix, El Responsable informa que donar compliment a la Llei 34\/2002 d\u201911 de juliol, de Serveis de la Societat de la Informaci\u00f3 i el Comer\u00e7 Electr\u00f2nic i li sol\u00b7licitar\u00e0 el seu consentiment al tractament de les seves dades amb fins comercials en cada moment.<\/p>\n<p><strong>PROPIETAT INTEL\u00b7LECTUAL I INDUSTRIAL<\/strong><\/p>\n<p>El lloc web, incl\u00f2s el t\u00edtol enunciatiu per\u00f2 no limitatiu la seva programaci\u00f3, edici\u00f3, compilaci\u00f3 i altres elements necessaris per al seu funcionament, els dissenys, logotips, text i\/o gr\u00e0fics s\u00f3n propietat del responsable o, si escau disposa de llic\u00e8ncia o autoritzaci\u00f3 expressa per part dels autors.<\/p>\n<p>Tots els continguts del lloc web es troben degudament protegits per la normativa de propietat intel\u00b7lectual i industrial.<\/p>\n<p>Independentment de la finalitat per a la qual fossin destinats, la reproducci\u00f3 total o parcial, \u00fas, explotaci\u00f3, distribuci\u00f3 i comercialitzaci\u00f3, requereix en tot cas de l\u2019autoritzaci\u00f3 escrita pr\u00e8via per part del responsable. Qualsevol \u00fas no autoritzat pr\u00e8viament per part del responsable ser\u00e0 considerat un incompliment greu dels drets de propietat intel\u00b7lectual o industrial de l\u2019autor.<\/p>\n<p>Els dissenys, logotips, text i \/ o gr\u00e0fics aliens al prestador i que poguessin apar\u00e8ixer en el lloc web, pertanyen als seus respectius propietaris, sent ells mateixos responsables de qualsevol possible controv\u00e8rsia que pogu\u00e9s suscitar respecte a aquests. En tot cas, El Responsable compta amb l\u2019autoritzaci\u00f3 expressa i pr\u00e8via per part d\u2019aquests.<\/p>\n<p>El responsable autoritza expressament a qu\u00e8 tercers puguin redirigir directament als continguts concrets del lloc web, i en tot cas redirigir a la p\u00e0gina principal del lloc web del responsable.<\/p>\n<p>El Responsable reconeix a favor dels seus titulars els corresponents drets de propietat intel\u00b7lectual i industrial. Que aquesta propietat s\u2019esmenti o aparegui al lloc web no implica que el Responsable hi tingui cap dret ni responsabilitat, ni tampoc que hi doni suport, la patrocini o la recomani.<\/p>\n<p>Per a totes aquelles imatges en qu\u00e8 el programari de disseny ho permet, s\u2019han incl\u00f2s les refer\u00e8ncies corresponents a l\u2019autoria i llic\u00e8ncia corresponent.<\/p>\n<p>Per realitzar qualsevol tipus d\u2019observaci\u00f3 respecte a possibles incompliments dels drets de propietat intel\u00b7lectual o industrial, aix\u00ed com sobre qualsevol dels continguts del lloc web, pot fer-ho per escrit o indicat a l\u2019encap\u00e7alament.<\/p>\n<p><strong>POL\u00cdTICA DE PRIVACITAT<\/strong><\/p>\n<p>GAS BAD\u00cdA SL, informa els usuaris del lloc web sobre la seva pol\u00edtica respecte al tractament i protecci\u00f3 de les dades de car\u00e0cter personal dels usuaris i clients.<\/p>\n<p>I garanteix en tot moment l\u2019\u00edntegre i ple compliment de les obligacions disposades per la normativa de protecci\u00f3 de dades i serveis de la societat de la informaci\u00f3: Reglament (UE) 2016\/679 del Parlament Europeu i del Consell, de 27 d\u2019abril de 2016, relatiu a la protecci\u00f3 de les persones f\u00edsiques pel que fa al tractament de dades personals i a la lliure circulaci\u00f3 d\u2019aquestes dades (RGPD), la normativa Llei Org\u00e0nica 3\/2018, de 5 de desembre, de Protecci\u00f3 de Dades Personals i garantia dels drets digitals (LOPDGDD) i la Llei 34\/2002, d\u201911 de juliol, de Serveis de la Societat de la Informaci\u00f3 i del Comer\u00e7 Electr\u00f2nic (LSSIce).<\/p>\n<p><strong>RESPONSABLE DEL TRACTAMENT<\/strong><\/p>\n<p>Empresa titular d\u2019aquesta web: GAS BAD\u00cdA SL<br \/>\nC.I.F.: B-25284951<br \/>\nDomicili: Carrer Major, 17 \u2013 25700 \u2013 LA SEU D\u2019URGELL (LLEIDA)<br \/>\nTel\u00e8fon: 973 350 187<br \/>\nCorreu electr\u00f2nic: info@gasbadia.com<\/p>\n<p><strong>DELEGAT DE PROTECCI\u00d3 DE DADES<\/strong><\/p>\n<p>L\u2019Ajuntament, d\u2019acord amb l\u2019article 37.1.a del Reglament General de Protecci\u00f3 de Dades (UE) 2016\/679, ha designat un Delegat\/da de Protecci\u00f3 de Dades (DPD). El correu electr\u00f2nic de contacte \u00e9s: dpd@cauc.cat<\/p>\n<p><strong>FINALITATS DEL TRACTAMENT DE LES DADES<\/strong><\/p>\n<p>Tramitar inst\u00e0ncies o formularis de sol\u00b7licitud d\u2019informaci\u00f3, servei o tr\u00e0mits amb l\u2019entitat.<br \/>\nEnviar comunicacions i el butllet\u00ed de not\u00edcies.<\/p>\n<p><strong>TERMINI DE CONSERVACI\u00d3 DE LES DADES<\/strong><\/p>\n<p>Les dades personals proporcionades es conservaran fins que la persona interessada en sol\u00b7liciti la supressi\u00f3, exercint els seus drets sobre les dades, i en qualsevol cas en compliment de terminis legals de prescripci\u00f3 que li siguin aplicables.<\/p>\n<p><strong>LEGITIMACI\u00d3<\/strong><\/p>\n<p>La base legal per al tractament de les dades personals est\u00e0 basada en el consentiment expr\u00e9s del propi interessat o si escau en l\u2019execuci\u00f3 d\u2019un contracte i\/o servei. En qualsevol moment es podr\u00e0 exercir el dret a retirar el consentiment sense que aix\u00f2 afecti la licitud del tractament basat en el consentiment previ a la seva retirada.<\/p>\n<p><strong>DESTINATARIS DE LES DADES<\/strong><\/p>\n<p>Les dades seran utilitzades pel Responsable, tamb\u00e9 podr\u00e0 comunicar leg\u00edtimament les dades personals amb els encarregats de tractament per a l\u2019execuci\u00f3 d\u2019un contracte o prestaci\u00f3 d\u2019un servei al Responsable, seguint per aix\u00f2 les seves instruccions en tot moment i assegurant els mateixos nivells de seguretat.<\/p>\n<p><strong>DRETS DELS USUARIS<\/strong><\/p>\n<p>L\u2019usuari t\u00e9 dret a:<\/p>\n<p>Sol\u00b7licitar l\u2019acc\u00e9s a les seves dades personals que s\u2019estan tractant i rebre aquesta informaci\u00f3 per escrit pel mitj\u00e0 sol\u00b7licitat.<br \/>\nSol\u00b7licitar la rectificaci\u00f3 de les dades personals inexactes o, si escau, sol\u00b7licitar la seva supressi\u00f3 quan, entre altres motius, les dades ja no siguin necessaris per a la finalitat pels quals van ser recollits.<br \/>\nSol\u00b7licitar la limitaci\u00f3 del tractament de les seves dades.<br \/>\nOposar-se al tractament de les seves dades personals quan escaigui, en aquest cas es deixaran de tractar les seves dades excepte per motius leg\u00edtims.<br \/>\nDret a la portabilitat de les dades. L\u2019interessat\/interessada t\u00e9 dret a rebre les dades personals si han estat facilitades en un format estructurat, d\u2019\u00fas com\u00fa i de lectura mec\u00e0nica, i a transmetre-les a un altre responsable, si es compleixen els requisits seg\u00fcents:<br \/>\nEl tractament es basa en el consentiment o en un contracte.<br \/>\nEl tractament es fa per mitjans automatitzats.<br \/>\nDret a retirar el consentiment prestat.<br \/>\nDret a reclamar davant l\u2019Ag\u00e8ncia Espanyola de Protecci\u00f3 de Dades.<br \/>\nL\u2019Usuari pot exercitar els drets anteriorment indicats a l\u2019adre\u00e7a de correu postal o electr\u00f2nica del Responsable, acreditant la seva identitat amb una c\u00f2pia escanejada del seu DNI o document equivalent, i especificant el dret que desitja exercir.<\/p>\n<p><strong>PROCED\u00c8NCIA DE LES DADES<\/strong><\/p>\n<p>Les dades personals han de ser facilitades pel propi interessat de forma absolutament volunt\u00e0ria. La manca d\u2019algunes dades o la no resposta de preguntes que puguin formular-se a la persona interessada en els processos de registre o a trav\u00e9s de formularis electr\u00f2nics, pot provocar la impossibilitat d\u2019acc\u00e9s a determinats serveis per a la prestaci\u00f3 dels quals \u00e9s imprescindible de disposar d\u2019aquestes dades de car\u00e0cter personal. En aquest cas, el Responsable del Tractament ha d\u2019informar del car\u00e0cter obligatori o necessari de facilitar les dades personals per al funcionament del servei.<\/p>\n<p>El Responsable assegura la confidencialitat de les seves dades personals i garanteix la seguretat d\u2019aquests, adoptant les mesures necess\u00e0ries per a evitar la seva alteraci\u00f3, p\u00e8rdua, tractament o acc\u00e9s no autoritzat.<\/p>\n<p><strong>INFORMACI\u00d3 FACILITADA PER L\u2019INTERESSAT\/INTERESSADA<\/strong><\/p>\n<p>Els i les menors de 14 anys no poden cedir les seves dades personals sense el previ consentiment del seu pare\/mare i\/o tutors legals.<\/p>\n<p>L\u2019interessat\/interessada introduint les seves dades en els formularis de contacte o presentats en formularis de desc\u00e0rrega, accepten expressament i de forma lliure i inequ\u00edvoca que les seves dades s\u00f3n necess\u00e0ries perqu\u00e8 el Responsable atengui la seva petici\u00f3, i \u00e9s volunt\u00e0ria la inclusi\u00f3 de dades en els camps restants.<\/p>\n<p>L\u2019interessat\/interessada garanteix que les dades personals facilitades al prestador s\u00f3n veraces i es fa responsable de comunicar qualsevol modificaci\u00f3 d\u2019aquestes.<\/p>\n<p>Totes les dades sol\u00b7licitades a trav\u00e9s del lloc web s\u00f3n necessaris per a la prestaci\u00f3 d\u2019un servei \u00f2ptim a l\u2019interessat\/interessada. En cas que no siguin facilitades totes les dades, no es garanteix que la informaci\u00f3 i serveis que El responsable li faciliti, siguin completament ajustats a les seves necessitats.<\/p>\n<p><strong>MESURES DE SEGURETAT<\/strong><\/p>\n<p>Que de conformitat amb el que disposen les normatives vigents en mat\u00e8ria de protecci\u00f3 de dades personals, El Responsable est\u00e0 complint amb totes les disposicions de les normatives RGPD i LOPDGDD per al tractament de les dades personals de la seva responsabilitat, i manifestament amb els principis descrits en l\u2019article 5 del RGPD i en l\u2019article 4 de la LOPDGDD, pels quals s\u00f3n tractats de manera l\u00edcita, lleial i transparent en relaci\u00f3 amb l\u2019interessat i adequades, pertinents i limitats al que \u00e9s necessari en relaci\u00f3 amb els fins per als quals s\u00f3n tractats.<\/p>\n<p>El responsable garanteix que ha implementat pol\u00edtiques t\u00e8cniques i organitzatives apropiades per aplicar les mesures de seguretat que estableixen el RGPD i la LOPDGDD per tal de protegir els drets i llibertats de l\u2019interessat\/interessadai els ha comunicat la informaci\u00f3 adequada perqu\u00e8 puguin exercir-los.<\/p>\n<p><strong>BRETXES DE SEGURETAT<\/strong><\/p>\n<p>El Responsable informar\u00e0 sobre qualsevol bretxa de seguretat que afecti la base de dades que utilitza aquest lloc web, o que afecti a qualsevol dels nostres serveis de tercers, a totes i cadascuna de les persones, dades dels quals puguin haver estat afectades, i autoritats, dins de les 72 hores seg\u00fcents a la detecci\u00f3 de la bretxa.<\/p>\n<p><strong>LEGISLACI\u00d3 APLICABLE I JURISDICCI\u00d3<\/strong><\/p>\n<p>Per a la resoluci\u00f3 de totes les controv\u00e8rsies o q\u00fcestions relacionades amb el present lloc web o de les activitats en ell desenvolupades, ser\u00e0 d\u2019aplicaci\u00f3 la legislaci\u00f3 espanyola, a la qual se sotmeten expressament les parts, sent competents per a la resoluci\u00f3 de tots els conflictes derivats o relacionats amb el seu \u00fas els Jutjats i Tribunals de Lleida.<\/p>\n<\/div><\/section><\/div><\/div><\/div><\/div><!-- close content main div --><\/div><\/div><div id='after_section_2'  class='main_color av_default_container_wrap container_wrap sidebar_right'  ><div class='container av-section-cont-open' ><div class='template-page content  av-content-small alpha units'><div class='post-entry post-entry-type-page post-entry-103'><div class='entry-content-wrapper clearfix'>\n","protected":false},"excerpt":{"rendered":"","protected":false},"author":1,"featured_media":0,"parent":0,"menu_order":0,"comment_status":"closed","ping_status":"closed","template":"","meta":{"footnotes":""},"_links":{"self":[{"href":"https:\/\/gasbadia.com\/repsol\/wp-json\/wp\/v2\/pages\/103"}],"collection":[{"href":"https:\/\/gasbadia.com\/repsol\/wp-json\/wp\/v2\/pages"}],"about":[{"href":"https:\/\/gasbadia.com\/repsol\/wp-json\/wp\/v2\/types\/page"}],"author":[{"embeddable":true,"href":"https:\/\/gasbadia.com\/repsol\/wp-json\/wp\/v2\/users\/1"}],"replies":[{"embeddable":true,"href":"https:\/\/gasbadia.com\/repsol\/wp-json\/wp\/v2\/comments?post=103"}],"version-history":[{"count":12,"href":"https:\/\/gasbadia.com\/repsol\/wp-json\/wp\/v2\/pages\/103\/revisions"}],"predecessor-version":[{"id":338,"href":"https:\/\/gasbadia.com\/repsol\/wp-json\/wp\/v2\/pages\/103\/revisions\/338"}],"wp:attachment":[{"href":"https:\/\/gasbadia.com\/repsol\/wp-json\/wp\/v2\/media?parent=103"}],"curies":[{"name":"wp","href":"https:\/\/api.w.org\/{rel}","templated":true}]}}