{"id":105,"date":"2021-10-11T00:06:09","date_gmt":"2021-10-10T22:06:09","guid":{"rendered":"https:\/\/gasbadia.com\/repsol\/?page_id=105"},"modified":"2021-10-20T12:30:31","modified_gmt":"2021-10-20T10:30:31","slug":"cookies","status":"publish","type":"page","link":"https:\/\/gasbadia.com\/repsol\/cookies\/","title":{"rendered":"Cookies"},"content":{"rendered":"<div id='av_section_1'  class='avia-section av-vhwap-678127aa6a02b77e9a9237f938839954 main_color avia-section-default avia-no-border-styling  avia-builder-el-0  el_before_av_section  avia-builder-el-first  avia-bg-style-scroll  av-desktop-hide av-medium-hide container_wrap sidebar_right'  ><div class='container av-section-cont-open' ><main  role=\"main\" itemprop=\"mainContentOfPage\"  class='template-page content  av-content-small alpha units'><div class='post-entry post-entry-type-page post-entry-105'><div class='entry-content-wrapper clearfix'>\n<div class='flex_column av-qnr09-2eb92a3353d71113ed49e03237351ec0 av_one_full  avia-builder-el-1  avia-builder-el-no-sibling  first flex_column_div '   ><style type=\"text\/css\" data-created_by=\"avia_inline_auto\" id=\"style-css-av-km3cx-77ba64eb6bdfbfe11df4c906ce465ced\">\n.avia-image-container.av-km3cx-77ba64eb6bdfbfe11df4c906ce465ced .av-image-caption-overlay-center{\ncolor:#ffffff;\n}\n<\/style>\n<div  class='avia-image-container av-km3cx-77ba64eb6bdfbfe11df4c906ce465ced av-styling- avia-align-center  avia-builder-el-2  avia-builder-el-no-sibling  '  itemprop=\"image\" itemscope=\"itemscope\" itemtype=\"https:\/\/schema.org\/ImageObject\" ><div class=\"avia-image-container-inner\"><div class=\"avia-image-overlay-wrap\"><img decoding=\"async\" class='wp-image-188 avia-img-lazy-loading-not-188 avia_image' src=\"https:\/\/gasbadia.com\/repsol\/wp-content\/uploads\/2021\/10\/distribuidor-repsol-exp-6.png\" alt='' title=''  height=\"105\" width=\"563\"  itemprop=\"thumbnailUrl\" srcset=\"https:\/\/gasbadia.com\/repsol\/wp-content\/uploads\/2021\/10\/distribuidor-repsol-exp-6.png 563w, https:\/\/gasbadia.com\/repsol\/wp-content\/uploads\/2021\/10\/distribuidor-repsol-exp-6-300x56.png 300w\" sizes=\"(max-width: 563px) 100vw, 563px\" \/><\/div><\/div><\/div><\/div>\n\n<\/div><\/div><\/main><!-- close content main element --><\/div><\/div><div id='av_section_2'  class='avia-section av-dayd5-9b3e1e0a084cdc8a20ba2782c813dbb0 main_color avia-section-default avia-no-border-styling  avia-builder-el-3  el_after_av_section  avia-builder-el-last  avia-bg-style-scroll  container_wrap sidebar_right'  ><div class='container av-section-cont-open' ><div class='template-page content  av-content-small alpha units'><div class='post-entry post-entry-type-page post-entry-105'><div class='entry-content-wrapper clearfix'>\n\n<style type=\"text\/css\" data-created_by=\"avia_inline_auto\" id=\"style-css-av-kuzd49x6-9035e32d7a07ef59a741ba243222b7a8\">\n#top .av-special-heading.av-kuzd49x6-9035e32d7a07ef59a741ba243222b7a8{\npadding-bottom:10px;\n}\n<\/style>\n<div  class='av-special-heading av-kuzd49x6-9035e32d7a07ef59a741ba243222b7a8 av-special-heading-h3  avia-builder-el-4  el_before_av_one_full  avia-builder-el-first  '><h3 class='av-special-heading-tag '  itemprop=\"headline\"  >Pol\u00edtica de Cookies<\/h3><div class='special-heading-border'><div class='special-heading-inner-border'><\/div><\/div><\/div>\n<div class='flex_column av-6zz2h-57e4392ec5b43ee68a1e79695aefd53a av_one_full  avia-builder-el-5  el_after_av_heading  avia-builder-el-last  first flex_column_div '   ><section class=\"av_textblock_section \"  itemscope=\"itemscope\" itemtype=\"https:\/\/schema.org\/CreativeWork\" ><div class='avia_textblock  '   itemprop=\"text\" ><h3><strong>Apartat 1<\/strong><\/h3>\n<p><strong>Pol\u00edtica de cookies<\/strong><br \/>\nUna cookie \u00e9s un fitxer petit que s\u2019emmagatzema al seu navegador quan visita la majoria de p\u00e0gines web. La seva utilitat \u00e9s que la web sigui capa\u00e7 de recordar la seva visita quan torni a navegar per aquella p\u00e0gina. Les cookies solen emmagatzemar informaci\u00f3 de car\u00e0cter t\u00e8cnic, prefer\u00e8ncies personals, personalitzaci\u00f3 de continguts, estad\u00edstiques d\u2019\u00fas, enlla\u00e7os a xarxes socials, acc\u00e9s a comptes d\u2019usuari, etc. L\u2019objectiu de la cookie es adaptar el contingut de la web al seu perfil o necessitats, sense cookies els serveis oferts per qualsevol p\u00e0gina es veurien minvats notablement. Si desitja consultar m\u00e9s informaci\u00f3 sobre qu\u00e8 s\u00f3n les cookies, qu\u00e8 emmagatzemen, com eliminar-les, desactivar-les, etc. pot dirigir-se a l\u2019apartat 2.<\/p>\n<p><strong>Cookies utilitzades amb aquest lloc web<\/strong><\/p>\n<p>Seguint les directrius de la Ag\u00e8ncia Espanyola de Protecci\u00f3 de Dades procedim a detallar l\u2019\u00fas de cookies que fa aquesta web amb la finalitat d\u2019informar-te amb la m\u00e0xima exactitud possible.<\/p>\n<p><em>Aquest lloc web utilitza les seg\u00fcents cookies pr\u00f2pies:<\/em><\/p>\n<p>Cookies de sessi\u00f3, per garantir que els usuaris que escriguin comentaris al bloc siguin humans i no aplicacions automatitzades. D\u2019aquesta manera es combat l\u2019spam.<\/p>\n<p>Nom de la cookie Tipus de cookie Prop\u00f2sit de la cookie<br \/>\nPHPSESSID Sessi\u00f3 Aquesta cookie s\u2019utilitza pel llenguatge d\u2019encriptat PHP per permetre que les variables de SESSI\u00d3 es guardin al servidor web. Aquesta cookie \u00e9s essencial pel funcionament de la web.<br \/>\n_utma, _utmb, _ubmc, _utmz Duradora Aquestes cookies s\u00f3n establertes por Google Analytic per rastrejar l\u2019\u00fas de la web. Aquestes cookies no s\u2019estableixen si desconnectes cookies per aquesta web.<\/p>\n<p><em>Aquest lloc web utilitza las seg\u00fcents cookies de tercers:<\/em><\/p>\n<p><em>Google Analytics:<\/em> Emmagatzema cookies per poder elaborar estad\u00edstiques sobre el tr\u00e0fic i volum de visites d\u2019aquesta web. A l\u2019utilitzar aquest lloc web est\u00e0 consentint el tractament d\u2019informaci\u00f3 sobre vost\u00e8 per Google. En conseq\u00fc\u00e8ncia, l\u2019exercici de qualsevol dret en aquest sentit ho haur\u00e0 de fer comunicant directament amb Google.<\/p>\n<p><em>Xarxa socials:<\/em> Cada xarxa social utilitza les seves pr\u00f2pies cookies perqu\u00e8 vost\u00e8 pugui pr\u00e9mer els botons del tipus M\u2019agrada o Compartir.<\/p>\n<p>YouTube<br \/>\nTwitter<br \/>\nFacebook<\/p>\n<p><strong>Desactivaci\u00f3 o eliminaci\u00f3 de cookies<\/strong><\/p>\n<p>Vost\u00e8 pot evitar el tractament de les dades o la informaci\u00f3 rebutjant l\u2019\u00fas de galetes (cookies) per mitj\u00e0 de la selecci\u00f3 de la configuraci\u00f3 apropiada del seu navegador, no obstant aix\u00f2, vost\u00e8 ha de saber que si ho fa pot ser que no pugui fer \u00fas de totes les funcionalitats d\u2019aquest website.<\/p>\n<p>En utilitzar el website vost\u00e8 consent el tractament d\u2019informaci\u00f3 sobre vost\u00e8 per Google en la forma i per als fins m\u00e9s amunt indicats. Pot vost\u00e8 permetre, bloquejar o eliminar les cookies instal\u00b7lades en el seu equip mitjan\u00e7ant la configuraci\u00f3 de les opcions del navegador en el vostre ordinador. Aqu\u00ed deixem una guia r\u00e0pida pels navegadors m\u00e9s populars. (Apartat 3)<\/p>\n<p><strong>Notes addicionals<\/strong><\/p>\n<p>Ni aquesta web ni els seus representants legals es fan responsables ni del contingut ni de la veracitat de les pol\u00edtiques de privacitat que puguin tenir els tercers mencionats en aquesta pol\u00edtica de cookies.<\/p>\n<p>Els navegadors web s\u00f3n les eines encarregades d\u2019emmagatzemar les cookies i des d\u2019aquest lloc d\u2019efectuar el seu dret a eliminaci\u00f3 o desactivaci\u00f3 de les mateixes. Ni aquest web ni els seus representants legals poden garantir la correcta o incorrecta manipulaci\u00f3 de les cookies per part dels esmentats navegadors.<\/p>\n<p>En alguns casos es necessari instal\u00b7lar cookies perqu\u00e8 el navegador no oblidi la seva decisi\u00f3 de no acceptaci\u00f3 de les mateixes.<\/p>\n<p>Per qualsevol dubte o consulta sobre aquesta pol\u00edtica cookies no dubti en comunicar-se amb nosaltres a trav\u00e9s de la secci\u00f3 de contacte.<\/p>\n<h3><strong>Apartat 2<\/strong><\/h3>\n<p><strong>M\u00e9s informaci\u00f3 sobre les cookies.<\/strong><\/p>\n<p><strong>Qu\u00e8 \u00e9s una cookie?<\/strong><\/p>\n<p>Una cookie \u00e9s un fitxer de text inofensiu que s\u2019emmagatzema en el vostre navegador quan visita gaireb\u00e9 qualsevol p\u00e0gina web. La utilitat de la cookie es que la web sigui capa\u00e7 de recordar la seva visita quan torni a navegar per aquesta p\u00e0gina. Encara que molta gent no ho sap les cookies es porten utilitzant des de fa 20 anys, quan van apar\u00e8ixer els primers navegadors per a la World Wide Web.<\/p>\n<p><strong>Qu\u00e8 NO \u00e9s una cookie?<\/strong><\/p>\n<p>No \u00e9s un virus, ni un troi\u00e0, ni un cuc, ni spam, ni spyware, ni obra finestres pop-up.<\/p>\n<p><strong>Quina informaci\u00f3 emmagatzema una cookie?<\/strong><\/p>\n<p>Les cookies no solen emmagatzemar informaci\u00f3 sensible sobre vost\u00e8, com targetes de cr\u00e8dit o dades banc\u00e0ries, fotografies, el seu DNI o informaci\u00f3 personal, etc. Les dades que guarden s\u00f3n de car\u00e0cter t\u00e8cnic, prefer\u00e8ncies personals, personalitzaci\u00f3 de continguts, etc.<\/p>\n<p>El servidor web no associa a vost\u00e8 com a persona sin\u00f3 al seu navegador web. De fet, si vost\u00e8 navega habitualment amb Internet Explorer provi a navegar per la mateixa web amb Firefox o Chrome i veur\u00e0 que el web no s\u2019adona que \u00e9s vost\u00e8 la mateixa persona perqu\u00e8 en realitat est\u00e0 associant al navegador, no a la persona.<\/p>\n<p><strong>Quin tipus de cookies existeixen?<\/strong><\/p>\n<p><em>Cookies t\u00e8cniques:<\/em> S\u00f3n les m\u00e9s elementals i permeten, entre altres coses, saber quan est\u00e0 navegant un hum\u00e0 o una aplicaci\u00f3 automatitzada, quan navega un usuari an\u00f2nim i un registrat, tasques b\u00e0siques per al funcionament de qualsevol web din\u00e0mica.<\/p>\n<p><em>Cookies d\u2019an\u00e0lisis:<\/em> Recullen informaci\u00f3 sobre el tipus de navegaci\u00f3 que est\u00e0 realitzant, les seccions que m\u00e9s utilitza, productes consultats, franja hor\u00e0ria d\u2019\u00fas, idioma, etc.<\/p>\n<p><em>Cookies publicit\u00e0ries:<\/em> Mostren publicitat en funci\u00f3 de la seva navegaci\u00f3, la seva pa\u00eds de proced\u00e8ncia, idioma, etc.<\/p>\n<p><strong>Qu\u00e8 s\u00f3n les cookies pr\u00f2pies i les de tercers?<\/strong><\/p>\n<p>Les cookies pr\u00f2pies s\u00f3n les generades per la p\u00e0gina que est\u00e0 visitant i les de tercers s\u00f3n les generades per serveis o prove\u00efdors externs com Facebook, Twitter, Google, etc.<\/p>\n<p><strong>Qu\u00e8 passa si desactivo les cookies?<\/strong><\/p>\n<p><em>Perqu\u00e8 entengui l\u2019abast que pot tenir desactivar les cookies li mostrem uns exemples:<\/em><\/p>\n<ul>\n<li>No podr\u00e0 compartir continguts d\u2019aquesta web a Facebook, Twitter o qualsevol xarxa social.<\/li>\n<li>El lloc web no podr\u00e0 adaptar els continguts a les seves prefer\u00e8ncies personals, com sol passar en les botigues online.<\/li>\n<li>No podr\u00e0 accedir a l\u2019\u00e0rea personal d\u2019aquesta web, com per exemple El meu compte, o El meu perfil o Les meves comandes.<\/li>\n<li>Botigues online: Li ser\u00e0 impossible realitzar compres en l\u00ednia, hauran de ser telef\u00f2niques o visitant la botiga f\u00edsica si disposa d\u2019aquesta.<\/li>\n<li>Ser\u00e0 impossible personalitzar les seves prefer\u00e8ncies geogr\u00e0fiques com a franja hor\u00e0ria, divisa o idioma.<\/li>\n<li>El lloc web no podr\u00e0 realitzar anal\u00edtiques web sobre visitants i tr\u00e0nsit a la web, el que dificultar\u00e0 que el web sigui competitiva.<\/li>\n<li>No podr\u00e0 escriure al bloc, no podr\u00e0 pujar fotos, publicar comentaris, valorar o puntuar continguts. El web tampoc podr\u00e0 saber si vost\u00e8 \u00e9s un hum\u00e0 o una aplicaci\u00f3 automatitzada que publica spam.<\/li>\n<li>No es podr\u00e0 mostrar publicitat sectoritzada, el que reduir\u00e0 els ingressos publicitaris de la web.<\/li>\n<li>Totes les xarxes socials utilitzen cookies, si les desactiva no podr\u00e0 utilitzar cap xarxa social.<\/li>\n<\/ul>\n<p><strong>Es poden eliminar les cookies?<\/strong><\/p>\n<p>S\u00ed. No nom\u00e9s eliminar, tamb\u00e9 bloquejar, de forma general o particular per un domini espec\u00edfic.<\/p>\n<p>Per eliminar les cookies d\u2019un lloc web ha d\u2019anar a la configuraci\u00f3 del seu navegador i all\u00ed podr\u00e0 buscar les associades al domini en q\u00fcesti\u00f3 i procedir a la seva eliminaci\u00f3.<\/p>\n<h3>Apartat 3<\/h3>\n<p><strong>Configuraci\u00f3 de cookies pels navegadors m\u00e9s populars<\/strong><\/p>\n<p><em>A continuaci\u00f3 us expliquem com accedir a una cookie determinada del navegador Chrome. Nota: aquests passos poden variar en funci\u00f3 de la versi\u00f3 del navegador:<\/em><\/p>\n<ol>\n<li>Vagi a Configuraci\u00f3 o Prefer\u00e8ncies mitjan\u00e7ant el men\u00fa Arxiu o b\u00e9 prement la icona de personalitzaci\u00f3 que apareix a dalt a la dreta.<\/li>\n<li>Veur\u00e0 diferents seccions, premi l\u2019opci\u00f3 Mostrar opcions avan\u00e7ades.<\/li>\n<li>Vagi a Privacitat, Configuraci\u00f3 de contingut.<\/li>\n<li>Seleccioni Totes les cookies i les dades de llocs.<\/li>\n<li>Apareixer\u00e0 un llistat amb totes les cookies ordenades per domini. Perqu\u00e8 li sigui m\u00e9s f\u00e0cil trobar les cookies d\u2019un determinat domini introdueixi parcial o totalment la direcci\u00f3 en el camp Cercar cookies.<\/li>\n<li>Despr\u00e9s de realitzar aquest filtre apareixeran a la pantalla una o diverses l\u00ednies amb les cookies de la web sol\u00b7licitada. Ara nom\u00e9s ha de seleccionar-la i pr\u00e9mer la X per procedir a la seva eliminaci\u00f3.<\/li>\n<\/ol>\n<p><em>Per accedir a la configuraci\u00f3 de cookies del navegador Internet Explorer segueixi aquests passos (poden variar en funci\u00f3 de la versi\u00f3 del navegador):<\/em><\/p>\n<ol>\n<li>Vagi a Eines, Opcions d\u2019Internet<\/li>\n<li>Faci click a Privacitat.<\/li>\n<li>Mogui el lliscador fins ajustar el nivell de privacitat que vulgui.<\/li>\n<li><em>Per accedir a la configuraci\u00f3 de cookies del navegador Firefox segueixi aquests passos (poden variar en funci\u00f3 de la versi\u00f3 del navegador):<\/em><\/li>\n<li>Vagi a Opcions o Prefer\u00e8ncies segons el seu sistema operatiu.<\/li>\n<li>Faci click a Privacitat.<\/li>\n<li>A Historial esculli Utilitzar una configuraci\u00f3 personalitzada per l\u2019historial.<\/li>\n<li>Ara veur\u00e0 la opci\u00f3 Acceptar cookies, pot activar-la o desactivar-la segons les seves prefer\u00e8ncies.<\/li>\n<\/ol>\n<p><em>Per accedir a la configuraci\u00f3 de cookies del navegador Safari per OSX segueixi aquests passos (poden variar en funci\u00f3 de la versi\u00f3 del navegador):<\/em><\/p>\n<ol>\n<li>Vagi a Prefer\u00e8ncies, despr\u00e9s Privacitat.<\/li>\n<li>Aqu\u00ed veur\u00e0 l\u2019opci\u00f3 Bloquejar cookies perqu\u00e8 ajusti el tipus de bloqueig que desitgi realitzar.<\/li>\n<\/ol>\n<p><em>Per accedir a la configuraci\u00f3 de cookies del navegador Safari per iOS segueixi aquests passos (poden variar en funci\u00f3 de la versi\u00f3 del navegador):<\/em><\/p>\n<ol>\n<li>Vagi a Ajustaments, despr\u00e9s Safari.<\/li>\n<li>Vagi a Privacitat i Seguretat, veur\u00e0 l\u2019opci\u00f3 Bloquejar cookies perqu\u00e8 ajusti el bloqueig que desitja realizar.<\/li>\n<\/ol>\n<p><em>Per accedir a la configuraci\u00f3 de cookies del navegador per dispositius Android segueixi aquests passos (poden variar en funci\u00f3 de la versi\u00f3 del navegador):<\/em><\/p>\n<ol>\n<li>Executeu el navegador i premeu la tecla Men\u00fa, despr\u00e9s Ajustaments.<\/li>\n<li>Aneu a Seguretat i Privacitat, veur\u00e0 l\u2019opci\u00f3 Acceptar cookies perqu\u00e8 activi o desactivi la casella.<\/li>\n<\/ol>\n<p><em>Per accedir a la configuraci\u00f3 de cookies del navegador per dispositius Windows Phone segueixi aquests passos (poden variar en funci\u00f3 de la versi\u00f3 del navegador):<\/em><\/p>\n<ol>\n<li>Obri Internet Explorer, despr\u00e9s M\u00e9s i Configuraci\u00f3.<\/li>\n<li>Ara pot activar o desactivar la casella Permetre cookies.<\/li>\n<\/ol>\n<\/div><\/section><\/div><\/div><\/div><\/div><!-- close content main div --><\/div><\/div><div id='after_section_2'  class='main_color av_default_container_wrap container_wrap sidebar_right'  ><div class='container av-section-cont-open' ><div class='template-page content  av-content-small alpha units'><div class='post-entry post-entry-type-page post-entry-105'><div class='entry-content-wrapper clearfix'>\n","protected":false},"excerpt":{"rendered":"","protected":false},"author":1,"featured_media":0,"parent":0,"menu_order":0,"comment_status":"closed","ping_status":"closed","template":"","meta":{"footnotes":""},"_links":{"self":[{"href":"https:\/\/gasbadia.com\/repsol\/wp-json\/wp\/v2\/pages\/105"}],"collection":[{"href":"https:\/\/gasbadia.com\/repsol\/wp-json\/wp\/v2\/pages"}],"about":[{"href":"https:\/\/gasbadia.com\/repsol\/wp-json\/wp\/v2\/types\/page"}],"author":[{"embeddable":true,"href":"https:\/\/gasbadia.com\/repsol\/wp-json\/wp\/v2\/users\/1"}],"replies":[{"embeddable":true,"href":"https:\/\/gasbadia.com\/repsol\/wp-json\/wp\/v2\/comments?post=105"}],"version-history":[{"count":14,"href":"https:\/\/gasbadia.com\/repsol\/wp-json\/wp\/v2\/pages\/105\/revisions"}],"predecessor-version":[{"id":342,"href":"https:\/\/gasbadia.com\/repsol\/wp-json\/wp\/v2\/pages\/105\/revisions\/342"}],"wp:attachment":[{"href":"https:\/\/gasbadia.com\/repsol\/wp-json\/wp\/v2\/media?parent=105"}],"curies":[{"name":"wp","href":"https:\/\/api.w.org\/{rel}","templated":true}]}}