{"id":15,"date":"2021-10-07T00:05:24","date_gmt":"2021-10-06T22:05:24","guid":{"rendered":"https:\/\/gasbadia.com\/repsol\/?page_id=15"},"modified":"2021-10-21T17:54:31","modified_gmt":"2021-10-21T15:54:31","slug":"qui-som","status":"publish","type":"page","link":"https:\/\/gasbadia.com\/repsol\/qui-som\/","title":{"rendered":"Qui som"},"content":{"rendered":"<div id='av_section_1'  class='avia-section av-7ba7-a3e00e15ba972ccd527964ba8c4ef136 main_color avia-section-default avia-no-border-styling  avia-builder-el-0  el_before_av_layerslider  avia-builder-el-first  avia-bg-style-scroll  av-desktop-hide av-medium-hide container_wrap sidebar_right'  ><div class='container av-section-cont-open' ><main  role=\"main\" itemprop=\"mainContentOfPage\"  class='template-page content  av-content-small alpha units'><div class='post-entry post-entry-type-page post-entry-15'><div class='entry-content-wrapper clearfix'>\n<div class='flex_column av-1cedf-64e027f09c39369471c411df6de344f9 av_one_full  avia-builder-el-1  avia-builder-el-no-sibling  first flex_column_div '   ><style type=\"text\/css\" data-created_by=\"avia_inline_auto\" id=\"style-css-av-166rf-983d8c9d72ffd0a42a57ef8503fdfa68\">\n.avia-image-container.av-166rf-983d8c9d72ffd0a42a57ef8503fdfa68 .av-image-caption-overlay-center{\ncolor:#ffffff;\n}\n<\/style>\n<div  class='avia-image-container av-166rf-983d8c9d72ffd0a42a57ef8503fdfa68 av-styling- avia-align-center  avia-builder-el-2  avia-builder-el-no-sibling  '  itemprop=\"image\" itemscope=\"itemscope\" itemtype=\"https:\/\/schema.org\/ImageObject\" ><div class=\"avia-image-container-inner\"><div class=\"avia-image-overlay-wrap\"><img decoding=\"async\" class='wp-image-188 avia-img-lazy-loading-not-188 avia_image' src=\"https:\/\/gasbadia.com\/repsol\/wp-content\/uploads\/2021\/10\/distribuidor-repsol-exp-6.png\" alt='' title=''  height=\"105\" width=\"563\"  itemprop=\"thumbnailUrl\" srcset=\"https:\/\/gasbadia.com\/repsol\/wp-content\/uploads\/2021\/10\/distribuidor-repsol-exp-6.png 563w, https:\/\/gasbadia.com\/repsol\/wp-content\/uploads\/2021\/10\/distribuidor-repsol-exp-6-300x56.png 300w\" sizes=\"(max-width: 563px) 100vw, 563px\" \/><\/div><\/div><\/div><\/div>\n\n<\/div><\/div><\/main><!-- close content main element --><\/div><\/div><div id='layer_slider_1'  class='avia-layerslider main_color avia-shadow  avia-builder-el-3  el_after_av_section  el_before_av_section  slider-not-first container_wrap sidebar_right'  style='height: 126px;'  ><\/div>\n<div id='av_section_2'  class='avia-section av-1unjr-1618d7f52f02006b736b6ed10659e9d0 main_color avia-section-default avia-no-border-styling  avia-builder-el-4  el_after_av_layerslider  el_before_av_section  avia-bg-style-scroll  container_wrap sidebar_right'  ><div class='container av-section-cont-open' ><div class='template-page content  av-content-small alpha units'><div class='post-entry post-entry-type-page post-entry-15'><div class='entry-content-wrapper clearfix'>\n<div class='flex_column av-1i1az-946bbefc8d57f1e6fbf720227e1acbcf av_one_half  avia-builder-el-5  el_before_av_one_half  avia-builder-el-first  first flex_column_div '   ><p>\n<style type=\"text\/css\" data-created_by=\"avia_inline_auto\" id=\"style-css-av-kulsmfve-94aa47a24d50802c92228a84b48357b4\">\n#top .av-special-heading.av-kulsmfve-94aa47a24d50802c92228a84b48357b4{\npadding-bottom:10px;\n}\n<\/style>\n<div  class='av-special-heading av-kulsmfve-94aa47a24d50802c92228a84b48357b4 av-special-heading-h3  avia-builder-el-6  el_before_av_textblock  avia-builder-el-first  '><h3 class='av-special-heading-tag '  itemprop=\"headline\"  >Qui som<\/h3><div class='special-heading-border'><div class='special-heading-inner-border'><\/div><\/div><\/div><br \/>\n<section class=\"av_textblock_section \"  itemscope=\"itemscope\" itemtype=\"https:\/\/schema.org\/CreativeWork\" ><div class='avia_textblock  '   itemprop=\"text\" ><p>Gas Badia va ser fundada fa m\u00e9s de 70 anys i som <strong>una de les empreses amb m\u00e9s hist\u00f2ria i experi\u00e8ncia en instal\u00b7lacions i reparacions de gas i electricitat a l\u2019Alt Urgell<\/strong>.<\/p>\n<p>Des de l\u2019any 1961 som <strong>Agents Oficials Distribu\u00efdors de Repsol Gas amb llic\u00e8ncia 25081, per la zona de l\u2019Alt Urgell i Cerdanya i oferim distribuci\u00f3 domiciliaria setmanalment<\/strong>.<\/p>\n<p>Gas Badia Tamb\u00e9 som\u00a0<strong>Servei Oficial de Repsol n\u00famero: 25654<\/strong> i disposem d\u2019una plantilla de professionals qualificats <strong>per realitzar les inspeccions peri\u00f2diques de gas i realitzar tota mena d\u2019instal\u00b7lacions o reparacions<\/strong>.<br \/>\nL\u2019empresa tamb\u00e9 disposa d\u2019un enginyer t\u00e8cnic per realitzar <strong>projectes t\u00e8cnics i el servei de tramitaci\u00f3 dels butlletins per donar d\u2019alta les instal\u00b7lacions de gas<\/strong>.<\/p>\n<p>A la nostra botiga al carrer Major, 17 de La Seu d\u2019Urgell, <strong>venem tota classe de gasodom\u00e8stics i aparells de l\u00ednia blanca i material de gas i el\u00e8ctric<\/strong>, i disposem d\u2019un magatzem amb una superf\u00edcie de 6.500 m\u00b2 a la ctra. Seu-Cerc.<\/p>\n<\/div><\/section><\/p><\/div>\n<style type=\"text\/css\" data-created_by=\"avia_inline_auto\" id=\"style-css-av-13dan-b04c14c2923529519969b001ebb396f1\">\n.flex_column.av-13dan-b04c14c2923529519969b001ebb396f1{\npadding:65px 0 0 0;\n}\n<\/style>\n<div class='flex_column av-13dan-b04c14c2923529519969b001ebb396f1 av_one_half  avia-builder-el-8  el_after_av_one_half  avia-builder-el-last  flex_column_div '   ><style type=\"text\/css\" data-created_by=\"avia_inline_auto\" id=\"style-css-av-kulskv2x-cd5b29bb0348497960fe7da72d7137d4\">\n.avia-image-container.av-kulskv2x-cd5b29bb0348497960fe7da72d7137d4 .av-image-caption-overlay-center{\ncolor:#ffffff;\n}\n<\/style>\n<div  class='avia-image-container av-kulskv2x-cd5b29bb0348497960fe7da72d7137d4 av-styling- avia-align-center  avia-builder-el-9  avia-builder-el-no-sibling  '  itemprop=\"image\" itemscope=\"itemscope\" itemtype=\"https:\/\/schema.org\/ImageObject\" ><div class=\"avia-image-container-inner\"><div class=\"avia-image-overlay-wrap\"><img decoding=\"async\" class='wp-image-229 avia-img-lazy-loading-not-229 avia_image' src=\"https:\/\/gasbadia.com\/repsol\/wp-content\/uploads\/2021\/10\/botiga-1.jpg\" alt='Botiga Gas Badia' title='Botiga Gas Badia'  height=\"440\" width=\"432\"  itemprop=\"thumbnailUrl\" srcset=\"https:\/\/gasbadia.com\/repsol\/wp-content\/uploads\/2021\/10\/botiga-1.jpg 432w, https:\/\/gasbadia.com\/repsol\/wp-content\/uploads\/2021\/10\/botiga-1-295x300.jpg 295w, https:\/\/gasbadia.com\/repsol\/wp-content\/uploads\/2021\/10\/botiga-1-80x80.jpg 80w, https:\/\/gasbadia.com\/repsol\/wp-content\/uploads\/2021\/10\/botiga-1-36x36.jpg 36w\" sizes=\"(max-width: 432px) 100vw, 432px\" \/><\/div><\/div><\/div><\/div><\/div><\/div><\/div><!-- close content main div --><\/div><\/div><div id='av_section_3'  class='avia-section av-2q8yz-9d9665fee3228fe216a5fad1ed62c0f4 main_color avia-section-no-padding avia-no-border-styling  avia-builder-el-10  el_after_av_section  avia-builder-el-last  avia-bg-style-scroll  container_wrap sidebar_right'  ><div class='container av-section-cont-open' ><div class='template-page content  av-content-small alpha units'><div class='post-entry post-entry-type-page post-entry-15'><div class='entry-content-wrapper clearfix'>\n<div id='av-masonry-1' class='av-masonry av-kupbpu04-f97402e4c48e065823db582116517548 noHover av-fixed-size av-large-gap av-hover-overlay-active av-masonry-animation-active av-masonry-col-4 av-caption-always av-caption-style- av-masonry-gallery   '><div class=\"av-masonry-container isotope av-js-disabled\"><div class='av-masonry-entry isotope-item av-masonry-item-no-image '><\/div><a href=\"https:\/\/gasbadia.com\/repsol\/wp-content\/uploads\/2021\/10\/foto-antiga-botiga-1030x772.jpg\" data-srcset=\"https:\/\/gasbadia.com\/repsol\/wp-content\/uploads\/2021\/10\/foto-antiga-botiga-1030x772.jpg 1030w, https:\/\/gasbadia.com\/repsol\/wp-content\/uploads\/2021\/10\/foto-antiga-botiga-300x225.jpg 300w, https:\/\/gasbadia.com\/repsol\/wp-content\/uploads\/2021\/10\/foto-antiga-botiga-768x576.jpg 768w, https:\/\/gasbadia.com\/repsol\/wp-content\/uploads\/2021\/10\/foto-antiga-botiga-1536x1152.jpg 1536w, https:\/\/gasbadia.com\/repsol\/wp-content\/uploads\/2021\/10\/foto-antiga-botiga-2048x1536.jpg 2048w, https:\/\/gasbadia.com\/repsol\/wp-content\/uploads\/2021\/10\/foto-antiga-botiga-1500x1125.jpg 1500w, https:\/\/gasbadia.com\/repsol\/wp-content\/uploads\/2021\/10\/foto-antiga-botiga-705x529.jpg 705w\" data-sizes=\"(max-width: 1030px) 100vw, 1030px\"  aria-label=\"image foto antiga botiga Gas Badia\"  id='av-masonry-1-item-224' data-av-masonry-item='224' class='av-masonry-entry isotope-item post-224 attachment type-attachment status-inherit hentry  av-masonry-item-with-image' title=\"\" alt=\"foto antiga botiga Gas Badia\"   itemprop=\"thumbnailUrl\" ><div class='av-inner-masonry-sizer'><\/div><figure class='av-inner-masonry main_color'><div class=\"av-masonry-outerimage-container\"><div class='av-masonry-image-container' style=\"background-image: url(https:\/\/gasbadia.com\/repsol\/wp-content\/uploads\/2021\/10\/foto-antiga-botiga-705x529.jpg);\"   alt=\"foto antiga botiga Gas Badia\" ><\/div><\/div><figcaption class='av-inner-masonry-content site-background'><div class='av-inner-masonry-content-pos'><div class='av-inner-masonry-content-pos-content'><div class='avia-arrow'><\/div><h3 class='av-masonry-entry-title entry-title '  itemprop=\"headline\" ><\/h3><\/div><\/div><\/figcaption><\/figure><\/a><!--end av-masonry entry--><a href=\"https:\/\/gasbadia.com\/repsol\/wp-content\/uploads\/2021\/10\/foto-antiga-camio\u0301-buta.jpg\" data-srcset=\"https:\/\/gasbadia.com\/repsol\/wp-content\/uploads\/2021\/10\/foto-antiga-camio\u0301-buta.jpg 540w, https:\/\/gasbadia.com\/repsol\/wp-content\/uploads\/2021\/10\/foto-antiga-camio\u0301-buta-300x216.jpg 300w\" data-sizes=\"(max-width: 540px) 100vw, 540px\"  aria-label=\"image foto antiga camio\u0301 buta\"  id='av-masonry-1-item-225' data-av-masonry-item='225' class='av-masonry-entry isotope-item post-225 attachment type-attachment status-inherit hentry  av-masonry-item-with-image' title=\"\" alt=\"foto antiga camio\u0301 buta\"   itemprop=\"thumbnailUrl\" ><div class='av-inner-masonry-sizer'><\/div><figure class='av-inner-masonry main_color'><div class=\"av-masonry-outerimage-container\"><div class='av-masonry-image-container' style=\"background-image: url(https:\/\/gasbadia.com\/repsol\/wp-content\/uploads\/2021\/10\/foto-antiga-camio\u0301-buta.jpg);\"   alt=\"foto antiga camio\u0301 buta\" ><\/div><\/div><figcaption class='av-inner-masonry-content site-background'><div class='av-inner-masonry-content-pos'><div class='av-inner-masonry-content-pos-content'><div class='avia-arrow'><\/div><h3 class='av-masonry-entry-title entry-title '  itemprop=\"headline\" ><\/h3><\/div><\/div><\/figcaption><\/figure><\/a><!--end av-masonry entry--><\/div><\/div>\n<\/div><\/div><\/div><!-- close content main div --><\/div><\/div><div id='after_section_3'  class='main_color av_default_container_wrap container_wrap sidebar_right'  ><div class='container av-section-cont-open' ><div class='template-page content  av-content-small alpha units'><div class='post-entry post-entry-type-page post-entry-15'><div class='entry-content-wrapper clearfix'><\/p>\n","protected":false},"excerpt":{"rendered":"","protected":false},"author":1,"featured_media":0,"parent":0,"menu_order":0,"comment_status":"closed","ping_status":"closed","template":"","meta":{"footnotes":""},"_links":{"self":[{"href":"https:\/\/gasbadia.com\/repsol\/wp-json\/wp\/v2\/pages\/15"}],"collection":[{"href":"https:\/\/gasbadia.com\/repsol\/wp-json\/wp\/v2\/pages"}],"about":[{"href":"https:\/\/gasbadia.com\/repsol\/wp-json\/wp\/v2\/types\/page"}],"author":[{"embeddable":true,"href":"https:\/\/gasbadia.com\/repsol\/wp-json\/wp\/v2\/users\/1"}],"replies":[{"embeddable":true,"href":"https:\/\/gasbadia.com\/repsol\/wp-json\/wp\/v2\/comments?post=15"}],"version-history":[{"count":43,"href":"https:\/\/gasbadia.com\/repsol\/wp-json\/wp\/v2\/pages\/15\/revisions"}],"predecessor-version":[{"id":350,"href":"https:\/\/gasbadia.com\/repsol\/wp-json\/wp\/v2\/pages\/15\/revisions\/350"}],"wp:attachment":[{"href":"https:\/\/gasbadia.com\/repsol\/wp-json\/wp\/v2\/media?parent=15"}],"curies":[{"name":"wp","href":"https:\/\/api.w.org\/{rel}","templated":true}]}}