{"id":19,"date":"2021-10-07T00:05:52","date_gmt":"2021-10-06T22:05:52","guid":{"rendered":"https:\/\/gasbadia.com\/repsol\/?page_id=19"},"modified":"2021-12-21T12:11:43","modified_gmt":"2021-12-21T10:11:43","slug":"productes","status":"publish","type":"page","link":"https:\/\/gasbadia.com\/repsol\/productes\/","title":{"rendered":"Productes"},"content":{"rendered":"<div id='av_section_1'  class='avia-section av-2b0ab-c7d63476f2e3c046a1f1feb9b33745b8 main_color avia-section-default avia-no-border-styling  avia-builder-el-0  el_before_av_layerslider  avia-builder-el-first  avia-bg-style-scroll  av-desktop-hide av-medium-hide container_wrap sidebar_right'  ><div class='container av-section-cont-open' ><main  role=\"main\" itemprop=\"mainContentOfPage\"  class='template-page content  av-content-small alpha units'><div class='post-entry post-entry-type-page post-entry-19'><div class='entry-content-wrapper clearfix'>\n<div class='flex_column av-1apq7-a53d846abc452e6b86350c7c91cd0f43 av_one_full  avia-builder-el-1  avia-builder-el-no-sibling  first flex_column_div '   ><style type=\"text\/css\" data-created_by=\"avia_inline_auto\" id=\"style-css-av-12yvb-fc6830609008d4abec2509efdb8ce7aa\">\n.avia-image-container.av-12yvb-fc6830609008d4abec2509efdb8ce7aa .av-image-caption-overlay-center{\ncolor:#ffffff;\n}\n<\/style>\n<div  class='avia-image-container av-12yvb-fc6830609008d4abec2509efdb8ce7aa av-styling- avia-align-center  avia-builder-el-2  avia-builder-el-no-sibling  '  itemprop=\"image\" itemscope=\"itemscope\" itemtype=\"https:\/\/schema.org\/ImageObject\" ><div class=\"avia-image-container-inner\"><div class=\"avia-image-overlay-wrap\"><img decoding=\"async\" class='wp-image-188 avia-img-lazy-loading-not-188 avia_image' src=\"https:\/\/gasbadia.com\/repsol\/wp-content\/uploads\/2021\/10\/distribuidor-repsol-exp-6.png\" alt='' title=''  height=\"105\" width=\"563\"  itemprop=\"thumbnailUrl\" srcset=\"https:\/\/gasbadia.com\/repsol\/wp-content\/uploads\/2021\/10\/distribuidor-repsol-exp-6.png 563w, https:\/\/gasbadia.com\/repsol\/wp-content\/uploads\/2021\/10\/distribuidor-repsol-exp-6-300x56.png 300w\" sizes=\"(max-width: 563px) 100vw, 563px\" \/><\/div><\/div><\/div><\/div>\n\n<\/div><\/div><\/main><!-- close content main element --><\/div><\/div><div id='layer_slider_1'  class='avia-layerslider main_color avia-shadow  avia-builder-el-3  el_after_av_section  el_before_av_section  slider-not-first container_wrap sidebar_right'  style='height: 126px;'  ><\/div>\n<div id='av_section_2'  class='avia-section av-5thg7-c796f8ad82a4aa9abff45c7ca1ee3d74 main_color avia-section-default avia-no-border-styling  avia-builder-el-4  el_after_av_layerslider  el_before_av_section  avia-bg-style-scroll  container_wrap sidebar_right'  ><div class='container av-section-cont-open' ><div class='template-page content  av-content-small alpha units'><div class='post-entry post-entry-type-page post-entry-19'><div class='entry-content-wrapper clearfix'>\n\n<style type=\"text\/css\" data-created_by=\"avia_inline_auto\" id=\"style-css-av-4qdkv-97747273104adbff0775d2149cee70b4\">\n#top .av-special-heading.av-4qdkv-97747273104adbff0775d2149cee70b4{\npadding-bottom:10px;\n}\n<\/style>\n<div  class='av-special-heading av-4qdkv-97747273104adbff0775d2149cee70b4 av-special-heading-h3  avia-builder-el-5  el_before_av_textblock  avia-builder-el-first  '><h3 class='av-special-heading-tag '  itemprop=\"headline\"  >Productes<\/h3><div class='special-heading-border'><div class='special-heading-inner-border'><\/div><\/div><\/div>\n<section class=\"av_textblock_section \"  itemscope=\"itemscope\" itemtype=\"https:\/\/schema.org\/CreativeWork\" ><div class='avia_textblock  av_inherit_color '  style='color:#878787; '  itemprop=\"text\" ><h1 style=\"text-align: center;\">Productes innovadors adaptats a cada moment i \u00fas amb una energia que ofereix m\u00e9s per menys<\/h1>\n<\/div><\/section>\n<div class='flex_column av-4y01f-b57ac2e57d7edf257ba9063d92e6dc51 av_one_third  avia-builder-el-7  el_after_av_textblock  el_before_av_one_third  first flex_column_div column-top-margin'   ><p>\n<style type=\"text\/css\" data-created_by=\"avia_inline_auto\" id=\"style-css-av-2r3lv-fc8a5bd58b5f6691f0f6248c9c9b74ea\">\n.avia-image-container.av-2r3lv-fc8a5bd58b5f6691f0f6248c9c9b74ea .av-image-caption-overlay-center{\ncolor:#ffffff;\n}\n<\/style>\n<div  class='avia-image-container av-2r3lv-fc8a5bd58b5f6691f0f6248c9c9b74ea av-styling- avia-align-center  avia-builder-el-8  el_before_av_textblock  avia-builder-el-first  '  itemprop=\"image\" itemscope=\"itemscope\" itemtype=\"https:\/\/schema.org\/ImageObject\" ><div class=\"avia-image-container-inner\"><div class=\"avia-image-overlay-wrap\"><img decoding=\"async\" class='wp-image-270 avia-img-lazy-loading-not-270 avia_image' src=\"https:\/\/gasbadia.com\/repsol\/wp-content\/uploads\/2021\/10\/buta-125.jpg\" alt='bombona buta 12,5 kg' title=''  height=\"339\" width=\"475\"  itemprop=\"thumbnailUrl\" srcset=\"https:\/\/gasbadia.com\/repsol\/wp-content\/uploads\/2021\/10\/buta-125.jpg 475w, https:\/\/gasbadia.com\/repsol\/wp-content\/uploads\/2021\/10\/buta-125-300x214.jpg 300w, https:\/\/gasbadia.com\/repsol\/wp-content\/uploads\/2021\/10\/buta-125-260x185.jpg 260w\" sizes=\"(max-width: 475px) 100vw, 475px\" \/><\/div><\/div><\/div><br \/>\n<section class=\"av_textblock_section \"  itemscope=\"itemscope\" itemtype=\"https:\/\/schema.org\/CreativeWork\" ><div class='avia_textblock  av_inherit_color '  style='color:#041e42; '  itemprop=\"text\" ><h3>But\u00e0 de 12,5 kg<\/h3>\n<\/div><\/section><br \/>\n<section class=\"av_textblock_section \"  itemscope=\"itemscope\" itemtype=\"https:\/\/schema.org\/CreativeWork\" ><div class='avia_textblock  '   itemprop=\"text\" ><p>La bombona but\u00e0 12,5 kg principalment s&#8217;utilitza a les llars per cuinar, aigua calenta o en estufes.<br \/>\nResulta econ\u00f2mica perqu\u00e8 pagues pel gas que consumeixes i estalvies costos\u00a0fixes\u00a0mensuals.<br \/>\n<strong>Gas Badia us oferim la distribuci\u00f3 a les vostres llars.<\/strong><\/p>\n<\/div><\/section><\/p><\/div><div class='flex_column av-2s7nj-fb6c58735ca4d0d0ba4a9e283c34d113 av_one_third  avia-builder-el-11  el_after_av_one_third  el_before_av_one_third  flex_column_div column-top-margin'   ><p>\n<style type=\"text\/css\" data-created_by=\"avia_inline_auto\" id=\"style-css-av-27quj-93869b8bd7a16417d5cf6b69742af5b9\">\n.avia-image-container.av-27quj-93869b8bd7a16417d5cf6b69742af5b9 .av-image-caption-overlay-center{\ncolor:#ffffff;\n}\n<\/style>\n<div  class='avia-image-container av-27quj-93869b8bd7a16417d5cf6b69742af5b9 av-styling- avia-align-center  avia-builder-el-12  el_before_av_textblock  avia-builder-el-first  '  itemprop=\"image\" itemscope=\"itemscope\" itemtype=\"https:\/\/schema.org\/ImageObject\" ><div class=\"avia-image-container-inner\"><div class=\"avia-image-overlay-wrap\"><img decoding=\"async\" class='wp-image-269 avia-img-lazy-loading-not-269 avia_image' src=\"https:\/\/gasbadia.com\/repsol\/wp-content\/uploads\/2021\/10\/buta-12.jpg\" alt='Bombona de buta 12 kg' title=''  height=\"339\" width=\"475\"  itemprop=\"thumbnailUrl\" srcset=\"https:\/\/gasbadia.com\/repsol\/wp-content\/uploads\/2021\/10\/buta-12.jpg 475w, https:\/\/gasbadia.com\/repsol\/wp-content\/uploads\/2021\/10\/buta-12-300x214.jpg 300w, https:\/\/gasbadia.com\/repsol\/wp-content\/uploads\/2021\/10\/buta-12-260x185.jpg 260w\" sizes=\"(max-width: 475px) 100vw, 475px\" \/><\/div><\/div><\/div><br \/>\n<section class=\"av_textblock_section \"  itemscope=\"itemscope\" itemtype=\"https:\/\/schema.org\/CreativeWork\" ><div class='avia_textblock  av_inherit_color '  style='color:#041e42; '  itemprop=\"text\" ><h3>But\u00e0 12 kg<\/h3>\n<\/div><\/section><br \/>\n<section class=\"av_textblock_section \"  itemscope=\"itemscope\" itemtype=\"https:\/\/schema.org\/CreativeWork\" ><div class='avia_textblock  '   itemprop=\"text\" ><p>Innovadora bombona de But\u00e0 12 kg en acer lleuger d&#8217;alta resist\u00e8ncia; m\u00e9s lleugera i amb un nou disseny m\u00e9s ergon\u00f2mic, tamb\u00e9 s&#8217;utilitza a les llars amb els mateixos usos que la bombona tradicional i compatible amb qualsevol instal\u00b7laci\u00f3 de gas but\u00e0.<\/p>\n<\/div><\/section><\/p><\/div><div class='flex_column av-1bk7f-eb618ae0c96904cb9b724ea2b5329523 av_one_third  avia-builder-el-15  el_after_av_one_third  el_before_av_one_third  flex_column_div column-top-margin'   ><p>\n<style type=\"text\/css\" data-created_by=\"avia_inline_auto\" id=\"style-css-av-nohf-64ca345feeccb866d8389e69ecd8f732\">\n.avia-image-container.av-nohf-64ca345feeccb866d8389e69ecd8f732 .av-image-caption-overlay-center{\ncolor:#ffffff;\n}\n<\/style>\n<div  class='avia-image-container av-nohf-64ca345feeccb866d8389e69ecd8f732 av-styling- avia-align-center  avia-builder-el-16  el_before_av_textblock  avia-builder-el-first  '  itemprop=\"image\" itemscope=\"itemscope\" itemtype=\"https:\/\/schema.org\/ImageObject\" ><div class=\"avia-image-container-inner\"><div class=\"avia-image-overlay-wrap\"><img decoding=\"async\" class='wp-image-271 avia-img-lazy-loading-not-271 avia_image' src=\"https:\/\/gasbadia.com\/repsol\/wp-content\/uploads\/2021\/10\/propa-11.jpg\" alt='Bombona de propa 11 kg' title=''  height=\"339\" width=\"475\"  itemprop=\"thumbnailUrl\" srcset=\"https:\/\/gasbadia.com\/repsol\/wp-content\/uploads\/2021\/10\/propa-11.jpg 475w, https:\/\/gasbadia.com\/repsol\/wp-content\/uploads\/2021\/10\/propa-11-300x214.jpg 300w, https:\/\/gasbadia.com\/repsol\/wp-content\/uploads\/2021\/10\/propa-11-260x185.jpg 260w\" sizes=\"(max-width: 475px) 100vw, 475px\" \/><\/div><\/div><\/div><br \/>\n<section class=\"av_textblock_section \"  itemscope=\"itemscope\" itemtype=\"https:\/\/schema.org\/CreativeWork\" ><div class='avia_textblock  av_inherit_color '  style='color:#041e42; '  itemprop=\"text\" ><h3>Prop\u00e0 11 kg<\/h3>\n<\/div><\/section><br \/>\n<section class=\"av_textblock_section \"  itemscope=\"itemscope\" itemtype=\"https:\/\/schema.org\/CreativeWork\" ><div class='avia_textblock  '   itemprop=\"text\" ><p>La bombona de prop\u00e0 ofereix una \u00e0mplia varietat d&#8217;usos dom\u00e8stics i pels negocis.<br \/>\nEl\u00a0gas prop\u00e0, genera una calor que accelera la cocci\u00f3 dels aliments i escalfa les cases abans de manera que ajuda a estalviar costos.<br \/>\n<strong>\u00c9s la millor soluci\u00f3 ideal per a un consum intensiu i per ser utilitzada en condicions de baixa temperatura.<\/strong><\/p>\n<\/div><\/section><\/p><\/div><div class='flex_column av-2rozb-b41a55d904fd14e0352a982a5ccb9e4b av_one_third  avia-builder-el-19  el_after_av_one_third  el_before_av_one_third  first flex_column_div column-top-margin'   ><p>\n<style type=\"text\/css\" data-created_by=\"avia_inline_auto\" id=\"style-css-av-24z03-f739f742955fe77bf660167f262535fa\">\n.avia-image-container.av-24z03-f739f742955fe77bf660167f262535fa .av-image-caption-overlay-center{\ncolor:#ffffff;\n}\n<\/style>\n<div  class='avia-image-container av-24z03-f739f742955fe77bf660167f262535fa av-styling- avia-align-center  avia-builder-el-20  el_before_av_textblock  avia-builder-el-first  '  itemprop=\"image\" itemscope=\"itemscope\" itemtype=\"https:\/\/schema.org\/ImageObject\" ><div class=\"avia-image-container-inner\"><div class=\"avia-image-overlay-wrap\"><img decoding=\"async\" class='wp-image-272 avia-img-lazy-loading-not-272 avia_image' src=\"https:\/\/gasbadia.com\/repsol\/wp-content\/uploads\/2021\/10\/propa-35.jpg\" alt='Bombona de propa 35 kg' title=''  height=\"339\" width=\"475\"  itemprop=\"thumbnailUrl\" srcset=\"https:\/\/gasbadia.com\/repsol\/wp-content\/uploads\/2021\/10\/propa-35.jpg 475w, https:\/\/gasbadia.com\/repsol\/wp-content\/uploads\/2021\/10\/propa-35-300x214.jpg 300w, https:\/\/gasbadia.com\/repsol\/wp-content\/uploads\/2021\/10\/propa-35-260x185.jpg 260w\" sizes=\"(max-width: 475px) 100vw, 475px\" \/><\/div><\/div><\/div><br \/>\n<section class=\"av_textblock_section \"  itemscope=\"itemscope\" itemtype=\"https:\/\/schema.org\/CreativeWork\" ><div class='avia_textblock  av_inherit_color '  style='color:#041e42; '  itemprop=\"text\" ><h3>Prop\u00e0 35 kg<\/h3>\n<\/div><\/section><br \/>\n<section class=\"av_textblock_section \"  itemscope=\"itemscope\" itemtype=\"https:\/\/schema.org\/CreativeWork\" ><div class='avia_textblock  '   itemprop=\"text\" ><p>Gr\u00e0cies a la seva gran capacitat, \u00e9s la millor opci\u00f3 per a domicilis de gran superf\u00edcie o negocis.<br \/>\n<strong>Gas Badia li oferim la possibilitat d&#8217;instal\u00b7lar un sistema de subministrament continuat personalitzat en bateria d&#8217;ampolles per tal que sempre tingui gas.<\/strong><\/p>\n<\/div><\/section><\/p><\/div><div class='flex_column av-1lmuz-13359a85338369a6529cb3fca0052854 av_one_third  avia-builder-el-23  el_after_av_one_third  el_before_av_one_third  flex_column_div column-top-margin'   ><p>\n<style type=\"text\/css\" data-created_by=\"avia_inline_auto\" id=\"style-css-av-3buf-feace8f890c2f44e46a01d04db80f2bd\">\n.avia-image-container.av-3buf-feace8f890c2f44e46a01d04db80f2bd .av-image-caption-overlay-center{\ncolor:#ffffff;\n}\n<\/style>\n<div  class='avia-image-container av-3buf-feace8f890c2f44e46a01d04db80f2bd av-styling- avia-align-center  avia-builder-el-24  el_before_av_textblock  avia-builder-el-first  '  itemprop=\"image\" itemscope=\"itemscope\" itemtype=\"https:\/\/schema.org\/ImageObject\" ><div class=\"avia-image-container-inner\"><div class=\"avia-image-overlay-wrap\"><img decoding=\"async\" class='wp-image-268 avia-img-lazy-loading-not-268 avia_image' src=\"https:\/\/gasbadia.com\/repsol\/wp-content\/uploads\/2021\/10\/autogas-12.jpg\" alt='Bombona de autogas 12 kg' title=''  height=\"339\" width=\"475\"  itemprop=\"thumbnailUrl\" srcset=\"https:\/\/gasbadia.com\/repsol\/wp-content\/uploads\/2021\/10\/autogas-12.jpg 475w, https:\/\/gasbadia.com\/repsol\/wp-content\/uploads\/2021\/10\/autogas-12-300x214.jpg 300w, https:\/\/gasbadia.com\/repsol\/wp-content\/uploads\/2021\/10\/autogas-12-260x185.jpg 260w\" sizes=\"(max-width: 475px) 100vw, 475px\" \/><\/div><\/div><\/div><br \/>\n<section class=\"av_textblock_section \"  itemscope=\"itemscope\" itemtype=\"https:\/\/schema.org\/CreativeWork\" ><div class='avia_textblock  av_inherit_color '  style='color:#041e42; '  itemprop=\"text\" ><h3>Auto gas 12 kg<\/h3>\n<\/div><\/section><br \/>\n<section class=\"av_textblock_section \"  itemscope=\"itemscope\" itemtype=\"https:\/\/schema.org\/CreativeWork\" ><div class='avia_textblock  '   itemprop=\"text\" ><p>Especial per a l&#8217;\u00fas en carretons elevadors, ajudant a reduir els costos de carburants.<br \/>\nLes bombones disposen d&#8217;un sistema d&#8217;indicador de nivell d&#8217;ompliment, \u00fanic a Espanya, el qual mostra el contingut del gas de la bombona permetent-li planificar amb efic\u00e0cia les parades dels vehicles.<br \/>\nRepsol ha desenvolupat un filtre intern que fa que el carburant arribi al carret\u00f3 net d&#8217;impureses.<\/p>\n<\/div><\/section><\/p><\/div><div class='flex_column av-5z4z-eabf5b3aed7c50944b127a22287b2414 av_one_third  avia-builder-el-27  el_after_av_one_third  el_before_av_one_fourth  flex_column_div column-top-margin'   ><p>\n<style type=\"text\/css\" data-created_by=\"avia_inline_auto\" id=\"style-css-av-10jiv-4e67bcb001d9818fb032a22cb775f275\">\n.avia-image-container.av-10jiv-4e67bcb001d9818fb032a22cb775f275 .av-image-caption-overlay-center{\ncolor:#ffffff;\n}\n<\/style>\n<div  class='avia-image-container av-10jiv-4e67bcb001d9818fb032a22cb775f275 av-styling- avia-align-center  avia-builder-el-28  el_before_av_textblock  avia-builder-el-first  '  itemprop=\"image\" itemscope=\"itemscope\" itemtype=\"https:\/\/schema.org\/ImageObject\" ><div class=\"avia-image-container-inner\"><div class=\"avia-image-overlay-wrap\"><img decoding=\"async\" class='wp-image-280 avia-img-lazy-loading-not-280 avia_image' src=\"https:\/\/gasbadia.com\/repsol\/wp-content\/uploads\/2021\/10\/necessites-butano-1.jpg\" alt='necessites butano' title=''  height=\"339\" width=\"475\"  itemprop=\"thumbnailUrl\" srcset=\"https:\/\/gasbadia.com\/repsol\/wp-content\/uploads\/2021\/10\/necessites-butano-1.jpg 475w, https:\/\/gasbadia.com\/repsol\/wp-content\/uploads\/2021\/10\/necessites-butano-1-300x214.jpg 300w, https:\/\/gasbadia.com\/repsol\/wp-content\/uploads\/2021\/10\/necessites-butano-1-260x185.jpg 260w\" sizes=\"(max-width: 475px) 100vw, 475px\" \/><\/div><\/div><\/div><br \/>\n<section class=\"av_textblock_section \"  itemscope=\"itemscope\" itemtype=\"https:\/\/schema.org\/CreativeWork\" ><div class='avia_textblock  av_inherit_color '  style='color:#041e42; '  itemprop=\"text\" ><h3><strong>Necessites una bombona<\/strong><\/h3>\n<\/div><\/section><br \/>\n<section class=\"av_textblock_section \"  itemscope=\"itemscope\" itemtype=\"https:\/\/schema.org\/CreativeWork\" ><div class='avia_textblock  '   itemprop=\"text\" ><p><strong>Gas Badia distribuim a domicili per la zona de l\u2019Alt Urgell i Cerdanya<\/strong><\/p>\n<\/div><\/section><br \/>\n<article  class=\"iconbox iconbox_left av-x803-7a33f39d9b0d0a98b69189ac20ff7ab6  avia-builder-el-31  el_after_av_textblock  el_before_av_button  \"  itemscope=\"itemscope\" itemtype=\"https:\/\/schema.org\/CreativeWork\" ><div class=\"iconbox_content\"><header class=\"entry-content-header\"><div class=\"iconbox_icon heading-color\" aria-hidden='true' data-av_icon='\ue854' data-av_iconfont='entypo-fontello'><\/div><h3 class='iconbox_content_title  '  itemprop=\"headline\" >Truca\u2019ns i te la portem a casa<\/h3><\/header><div class='iconbox_content_container  '  itemprop=\"text\" ><h2 style=\"text-align: center;\"><span style=\"color: #ff8621;\"><strong>0034 608 540 511<\/strong><\/span><\/h2>\n<\/div><\/div><footer class=\"entry-footer\"><\/footer><\/article><br \/>\n<div  class='avia-button-wrap avia-button-center  avia-builder-el-32  el_after_av_icon_box  el_before_av_textblock ' >\n<style type=\"text\/css\" data-created_by=\"avia_inline_auto\" id=\"style-css-av-kwaxk1wz-5a9b0080659b51e97b0af686596e416d\">\n#top #wrap_all .avia-button.av-kwaxk1wz-5a9b0080659b51e97b0af686596e416d{\nbackground-color:#ff8621;\nborder-color:#ff8621;\ncolor:#ffffff;\ntransition:all 0.4s ease-in-out;\n-webkit-transition:all 0.4s ease-in-out;\n-moz-transition:all 0.4s ease-in-out;\n-ms-transition:all 0.4s ease-in-out;\n-o-transition:all 0.4s ease-in-out;\n}\n<\/style>\n<a href='https:\/\/pidetubombona.repsol.es\/'  class='avia-button av-kwaxk1wz-5a9b0080659b51e97b0af686596e416d avia-icon_select-yes-left-icon avia-size-x-large avia-position-center ' ><span class='avia_button_icon avia_button_icon_left' aria-hidden='true' data-av_icon='\ue832' data-av_iconfont='entypo-fontello'><\/span><span class='avia_iconbox_title' >Demana-la des de la web<\/span><\/a><\/div><br \/>\n<section class=\"av_textblock_section \"  itemscope=\"itemscope\" itemtype=\"https:\/\/schema.org\/CreativeWork\" ><div class='avia_textblock  '   itemprop=\"text\" ><p>Contacta&#8217;ns:<br \/>\nTel. oficines:\u00a0<strong>973 350 187<\/strong><br \/>\n<a href=\"mailto:info@gasbadia.com\">info@gasbadia.com<\/a><\/p>\n<p>O visita&#8217;ns a la nostra botiga:<br \/>\nCarrer Major, 17<br \/>\n25700 La Seu d\u2019Urgell &#8211; LLEIDA<\/p>\n<\/div><\/section><\/p><\/div><div class='flex_column av-2g6eb-e0d08d1958dba258ee0ca5fbeab3abc5 av_one_fourth  avia-builder-el-34  el_after_av_one_third  el_before_av_one_fourth  first flex_column_div column-top-margin'   ><p>\n<style type=\"text\/css\" data-created_by=\"avia_inline_auto\" id=\"style-css-av-kupfb4zb-2d09f4e96bd4ca56e9e21b02d88e0e89\">\n.avia-image-container.av-kupfb4zb-2d09f4e96bd4ca56e9e21b02d88e0e89 .av-image-caption-overlay-center{\ncolor:#ffffff;\n}\n<\/style>\n<div  class='avia-image-container av-kupfb4zb-2d09f4e96bd4ca56e9e21b02d88e0e89 av-styling- avia-align-center  avia-builder-el-35  el_before_av_textblock  avia-builder-el-first  '  itemprop=\"image\" itemscope=\"itemscope\" itemtype=\"https:\/\/schema.org\/ImageObject\" ><div class=\"avia-image-container-inner\"><div class=\"avia-image-overlay-wrap\"><img decoding=\"async\" class='wp-image-291 avia-img-lazy-loading-not-291 avia_image' src=\"https:\/\/gasbadia.com\/repsol\/wp-content\/uploads\/2021\/10\/flama.png\" alt='icona flama' title=''  height=\"84\" width=\"107\"  itemprop=\"thumbnailUrl\"  \/><\/div><\/div><\/div><br \/>\n<section class=\"av_textblock_section \"  itemscope=\"itemscope\" itemtype=\"https:\/\/schema.org\/CreativeWork\" ><div class='avia_textblock  '   itemprop=\"text\" ><h4 style=\"text-align: center;\">Efici\u00e8ncia<\/h4>\n<p style=\"text-align: center;\">Una soluci\u00f3 energ\u00e8tica amb alt poder calor\u00edfic i respectuosa amb el medi ambient.<\/p>\n<\/div><\/section><\/p><\/div><div class='flex_column av-29mzb-396897b60c494e5d6110b3019076d87f av_one_fourth  avia-builder-el-37  el_after_av_one_fourth  el_before_av_one_fourth  flex_column_div column-top-margin'   ><p>\n<style type=\"text\/css\" data-created_by=\"avia_inline_auto\" id=\"style-css-av-kupfc0yo-bda4852ae00cb5e8d0e5bb17df793838\">\n.avia-image-container.av-kupfc0yo-bda4852ae00cb5e8d0e5bb17df793838 .av-image-caption-overlay-center{\ncolor:#ffffff;\n}\n<\/style>\n<div  class='avia-image-container av-kupfc0yo-bda4852ae00cb5e8d0e5bb17df793838 av-styling- avia-align-center  avia-builder-el-38  el_before_av_textblock  avia-builder-el-first  '  itemprop=\"image\" itemscope=\"itemscope\" itemtype=\"https:\/\/schema.org\/ImageObject\" ><div class=\"avia-image-container-inner\"><div class=\"avia-image-overlay-wrap\"><img decoding=\"async\" class='wp-image-292 avia-img-lazy-loading-not-292 avia_image' src=\"https:\/\/gasbadia.com\/repsol\/wp-content\/uploads\/2021\/10\/icona-sol.png\" alt='icona seguretat' title=''  height=\"84\" width=\"107\"  itemprop=\"thumbnailUrl\"  \/><\/div><\/div><\/div><br \/>\n<section class=\"av_textblock_section \"  itemscope=\"itemscope\" itemtype=\"https:\/\/schema.org\/CreativeWork\" ><div class='avia_textblock  '   itemprop=\"text\" ><h4 style=\"text-align: center;\">Seguretat<\/h4>\n<p style=\"text-align: center;\">Un producte de gran qualitat amb les m\u00e0ximes garanties per a la teva seguretat.<\/p>\n<\/div><\/section><\/p><\/div><div class='flex_column av-1aeoz-ae7426a2b05d3d8ce9342ddfaf5e0299 av_one_fourth  avia-builder-el-40  el_after_av_one_fourth  el_before_av_one_fourth  flex_column_div column-top-margin'   ><p>\n<style type=\"text\/css\" data-created_by=\"avia_inline_auto\" id=\"style-css-av-kupfcc0y-b5e7d239b2152f0a15d59ae86e23a0e0\">\n.avia-image-container.av-kupfcc0y-b5e7d239b2152f0a15d59ae86e23a0e0 .av-image-caption-overlay-center{\ncolor:#ffffff;\n}\n<\/style>\n<div  class='avia-image-container av-kupfcc0y-b5e7d239b2152f0a15d59ae86e23a0e0 av-styling- avia-align-center  avia-builder-el-41  el_before_av_textblock  avia-builder-el-first  '  itemprop=\"image\" itemscope=\"itemscope\" itemtype=\"https:\/\/schema.org\/ImageObject\" ><div class=\"avia-image-container-inner\"><div class=\"avia-image-overlay-wrap\"><img decoding=\"async\" class='wp-image-294 avia-img-lazy-loading-not-294 avia_image' src=\"https:\/\/gasbadia.com\/repsol\/wp-content\/uploads\/2021\/10\/icono_vitroceramica.png\" alt='icono vitroceramica' title=''  height=\"84\" width=\"107\"  itemprop=\"thumbnailUrl\"  \/><\/div><\/div><\/div><br \/>\n<section class=\"av_textblock_section \"  itemscope=\"itemscope\" itemtype=\"https:\/\/schema.org\/CreativeWork\" ><div class='avia_textblock  '   itemprop=\"text\" ><h4 style=\"text-align: center;\">Flexibilitat<\/h4>\n<p style=\"text-align: center;\">Adaptable a diversos usos: generaci\u00f3 de calor\/freda, electricitat, aigua calenta, cocci\u00f3, etc.<\/p>\n<\/div><\/section><\/p><\/div><div class='flex_column av-x9e3-98c1a71eb50a2fa9b0ece332eaee3721 av_one_fourth  avia-builder-el-43  el_after_av_one_fourth  avia-builder-el-last  flex_column_div column-top-margin'   ><p>\n<style type=\"text\/css\" data-created_by=\"avia_inline_auto\" id=\"style-css-av-kupfcrkm-94c77457da19d2dfdc1e6c11694e42a5\">\n.avia-image-container.av-kupfcrkm-94c77457da19d2dfdc1e6c11694e42a5 .av-image-caption-overlay-center{\ncolor:#ffffff;\n}\n<\/style>\n<div  class='avia-image-container av-kupfcrkm-94c77457da19d2dfdc1e6c11694e42a5 av-styling- avia-align-center  avia-builder-el-44  el_before_av_textblock  avia-builder-el-first  '  itemprop=\"image\" itemscope=\"itemscope\" itemtype=\"https:\/\/schema.org\/ImageObject\" ><div class=\"avia-image-container-inner\"><div class=\"avia-image-overlay-wrap\"><img decoding=\"async\" class='wp-image-293 avia-img-lazy-loading-not-293 avia_image' src=\"https:\/\/gasbadia.com\/repsol\/wp-content\/uploads\/2021\/10\/icono_bombona_butano.png\" alt='icono bombona buta' title=''  height=\"84\" width=\"107\"  itemprop=\"thumbnailUrl\"  \/><\/div><\/div><\/div><br \/>\n<section class=\"av_textblock_section \"  itemscope=\"itemscope\" itemtype=\"https:\/\/schema.org\/CreativeWork\" ><div class='avia_textblock  '   itemprop=\"text\" ><h4 style=\"text-align: center;\">Versatilitat<\/h4>\n<p style=\"text-align: center;\">Optimitza la teva instal\u00b7laci\u00f3 utilitzant GLP com a energia \u00fanica o de manera complement\u00e0ria a altres energies.<\/p>\n<\/div><\/section><\/p><\/div><\/div><\/div><\/div><!-- close content main div --><\/div><\/div><div id='av_section_3'  class='avia-section av-212kj-deaff93b5414ef3e494147d81c219d24 main_color avia-section-default avia-no-border-styling  avia-builder-el-46  el_after_av_section  avia-builder-el-last  avia-bg-style-scroll  container_wrap sidebar_right'  ><div class='container av-section-cont-open' ><div class='template-page content  av-content-small alpha units'><div class='post-entry post-entry-type-page post-entry-19'><div class='entry-content-wrapper clearfix'><\/div><\/div><\/div><!-- close content main div --><\/div><\/div><div id='after_section_3'  class='main_color av_default_container_wrap container_wrap sidebar_right'  ><div class='container av-section-cont-open' ><div class='template-page content  av-content-small alpha units'><div class='post-entry post-entry-type-page post-entry-19'><div class='entry-content-wrapper clearfix'><\/p>\n","protected":false},"excerpt":{"rendered":"","protected":false},"author":1,"featured_media":0,"parent":0,"menu_order":0,"comment_status":"closed","ping_status":"closed","template":"","meta":{"footnotes":""},"_links":{"self":[{"href":"https:\/\/gasbadia.com\/repsol\/wp-json\/wp\/v2\/pages\/19"}],"collection":[{"href":"https:\/\/gasbadia.com\/repsol\/wp-json\/wp\/v2\/pages"}],"about":[{"href":"https:\/\/gasbadia.com\/repsol\/wp-json\/wp\/v2\/types\/page"}],"author":[{"embeddable":true,"href":"https:\/\/gasbadia.com\/repsol\/wp-json\/wp\/v2\/users\/1"}],"replies":[{"embeddable":true,"href":"https:\/\/gasbadia.com\/repsol\/wp-json\/wp\/v2\/comments?post=19"}],"version-history":[{"count":66,"href":"https:\/\/gasbadia.com\/repsol\/wp-json\/wp\/v2\/pages\/19\/revisions"}],"predecessor-version":[{"id":389,"href":"https:\/\/gasbadia.com\/repsol\/wp-json\/wp\/v2\/pages\/19\/revisions\/389"}],"wp:attachment":[{"href":"https:\/\/gasbadia.com\/repsol\/wp-json\/wp\/v2\/media?parent=19"}],"curies":[{"name":"wp","href":"https:\/\/api.w.org\/{rel}","templated":true}]}}