{"id":70,"date":"2021-10-10T20:02:41","date_gmt":"2021-10-10T18:02:41","guid":{"rendered":"https:\/\/gasbadia.com\/repsol\/?page_id=70"},"modified":"2021-10-21T16:00:36","modified_gmt":"2021-10-21T14:00:36","slug":"home","status":"publish","type":"page","link":"https:\/\/gasbadia.com\/repsol\/","title":{"rendered":"Inici"},"content":{"rendered":"<div id='av_section_1'  class='avia-section av-kumumz7r-443bd9c22d52d41310758ee6042b2547 main_color avia-section-default avia-no-border-styling  avia-builder-el-0  el_before_av_layerslider  avia-builder-el-first  avia-bg-style-scroll  av-desktop-hide av-medium-hide container_wrap sidebar_right'  ><div class='container av-section-cont-open' ><main  role=\"main\" itemprop=\"mainContentOfPage\"  class='template-page content  av-content-small alpha units'><div class='post-entry post-entry-type-page post-entry-70'><div class='entry-content-wrapper clearfix'>\n<div class='flex_column av-1ec0i-7f068158125678f0a2274da2be71607f av_one_full  avia-builder-el-1  avia-builder-el-no-sibling  first flex_column_div '   ><style type=\"text\/css\" data-created_by=\"avia_inline_auto\" id=\"style-css-av-qjge-927d016cc121b4d9ae9391bcb8d7246d\">\n.avia-image-container.av-qjge-927d016cc121b4d9ae9391bcb8d7246d .av-image-caption-overlay-center{\ncolor:#ffffff;\n}\n<\/style>\n<div  class='avia-image-container av-qjge-927d016cc121b4d9ae9391bcb8d7246d av-styling- avia-align-center  avia-builder-el-2  avia-builder-el-no-sibling  '  itemprop=\"image\" itemscope=\"itemscope\" itemtype=\"https:\/\/schema.org\/ImageObject\" ><div class=\"avia-image-container-inner\"><div class=\"avia-image-overlay-wrap\"><img decoding=\"async\" class='wp-image-188 avia-img-lazy-loading-not-188 avia_image' src=\"https:\/\/gasbadia.com\/repsol\/wp-content\/uploads\/2021\/10\/distribuidor-repsol-exp-6.png\" alt='' title=''  height=\"105\" width=\"563\"  itemprop=\"thumbnailUrl\" srcset=\"https:\/\/gasbadia.com\/repsol\/wp-content\/uploads\/2021\/10\/distribuidor-repsol-exp-6.png 563w, https:\/\/gasbadia.com\/repsol\/wp-content\/uploads\/2021\/10\/distribuidor-repsol-exp-6-300x56.png 300w\" sizes=\"(max-width: 563px) 100vw, 563px\" \/><\/div><\/div><\/div><\/div>\n\n<\/div><\/div><\/main><!-- close content main element --><\/div><\/div><div id='layer_slider_1'  class='avia-layerslider main_color avia-shadow  avia-builder-el-3  el_after_av_section  el_before_av_layerslider  slider-not-first container_wrap sidebar_right'  style='height: 801px;'  ><\/div>\n<div id='layer_slider_2'  class='avia-layerslider main_color avia-shadow  avia-builder-el-4  el_after_av_layerslider  el_before_av_section  slider-not-first container_wrap sidebar_right'  style='height: 501px;'  ><\/div>\n<div id='av_section_2'  class='avia-section av-1rsi6-47809224a08d366aa96ef172c68be888 main_color avia-section-default avia-no-border-styling  avia-builder-el-5  el_after_av_layerslider  el_before_av_one_fourth  avia-bg-style-scroll  container_wrap sidebar_right'  ><div class='container av-section-cont-open' ><div class='template-page content  av-content-small alpha units'><div class='post-entry post-entry-type-page post-entry-70'><div class='entry-content-wrapper clearfix'>\n<section class=\"av_textblock_section \"  itemscope=\"itemscope\" itemtype=\"https:\/\/schema.org\/CreativeWork\" ><div class='avia_textblock  av_inherit_color '  style='color:#878787; '  itemprop=\"text\" ><h1 style=\"text-align: center;\">Productes innovadors adaptats a cada moment i \u00fas amb una energia que ofereix m\u00e9s per menys<\/h1>\n<\/div><\/section>\n<div class='flex_column av-3p412-62db7d4808d6f0c2dad6d4853bc9ff40 av_one_fourth  avia-builder-el-7  el_after_av_textblock  el_before_av_one_fourth  first flex_column_div column-top-margin'   ><p>\n<style type=\"text\/css\" data-created_by=\"avia_inline_auto\" id=\"style-css-av-kupgbxo3-24abe7f773a29b5e90430ed0cc8eca17\">\n.avia-image-container.av-kupgbxo3-24abe7f773a29b5e90430ed0cc8eca17 .av-image-caption-overlay-center{\ncolor:#ffffff;\n}\n<\/style>\n<div  class='avia-image-container av-kupgbxo3-24abe7f773a29b5e90430ed0cc8eca17 av-styling- avia-align-center  avia-builder-el-8  el_before_av_textblock  avia-builder-el-first  '  itemprop=\"image\" itemscope=\"itemscope\" itemtype=\"https:\/\/schema.org\/ImageObject\" ><div class=\"avia-image-container-inner\"><div class=\"avia-image-overlay-wrap\"><img decoding=\"async\" class='wp-image-291 avia-img-lazy-loading-not-291 avia_image' src=\"https:\/\/gasbadia.com\/repsol\/wp-content\/uploads\/2021\/10\/flama.png\" alt='icona flama' title=''  height=\"84\" width=\"107\"  itemprop=\"thumbnailUrl\"  \/><\/div><\/div><\/div><br \/>\n<section class=\"av_textblock_section \"  itemscope=\"itemscope\" itemtype=\"https:\/\/schema.org\/CreativeWork\" ><div class='avia_textblock  '   itemprop=\"text\" ><h4 style=\"text-align: center;\">Efici\u00e8ncia<\/h4>\n<p style=\"text-align: center;\">Una soluci\u00f3 energ\u00e8tica amb alt poder calor\u00edfic i respectuosa amb el medi ambient.<\/p>\n<\/div><\/section><\/p><\/div><div class='flex_column av-3au7u-e7ab539ac8e61663fbc50e9d7bbe1dd3 av_one_fourth  avia-builder-el-10  el_after_av_one_fourth  el_before_av_one_fourth  flex_column_div column-top-margin'   ><p>\n<style type=\"text\/css\" data-created_by=\"avia_inline_auto\" id=\"style-css-av-kupgcqvl-572208c5a62f6d494824eb8562e61968\">\n.avia-image-container.av-kupgcqvl-572208c5a62f6d494824eb8562e61968 .av-image-caption-overlay-center{\ncolor:#ffffff;\n}\n<\/style>\n<div  class='avia-image-container av-kupgcqvl-572208c5a62f6d494824eb8562e61968 av-styling- avia-align-center  avia-builder-el-11  el_before_av_textblock  avia-builder-el-first  '  itemprop=\"image\" itemscope=\"itemscope\" itemtype=\"https:\/\/schema.org\/ImageObject\" ><div class=\"avia-image-container-inner\"><div class=\"avia-image-overlay-wrap\"><img decoding=\"async\" class='wp-image-292 avia-img-lazy-loading-not-292 avia_image' src=\"https:\/\/gasbadia.com\/repsol\/wp-content\/uploads\/2021\/10\/icona-sol.png\" alt='icona seguretat' title=''  height=\"84\" width=\"107\"  itemprop=\"thumbnailUrl\"  \/><\/div><\/div><\/div><br \/>\n<section class=\"av_textblock_section \"  itemscope=\"itemscope\" itemtype=\"https:\/\/schema.org\/CreativeWork\" ><div class='avia_textblock  '   itemprop=\"text\" ><h4 style=\"text-align: center;\">Seguretat<\/h4>\n<p style=\"text-align: center;\">Un producte de gran qualitat amb les m\u00e0ximes garanties per a la teva seguretat.<\/p>\n<\/div><\/section><\/p><\/div><div class='flex_column av-a492-40eb5f1b60fec99419e180b5aa16d0e7 av_one_fourth  avia-builder-el-13  el_after_av_one_fourth  el_before_av_one_fourth  flex_column_div column-top-margin'   ><p>\n<style type=\"text\/css\" data-created_by=\"avia_inline_auto\" id=\"style-css-av-1x3v2-3a2bb0db897ff025d51d66f12a933d69\">\n.avia-image-container.av-1x3v2-3a2bb0db897ff025d51d66f12a933d69 .av-image-caption-overlay-center{\ncolor:#ffffff;\n}\n<\/style>\n<div  class='avia-image-container av-1x3v2-3a2bb0db897ff025d51d66f12a933d69 av-styling- avia-align-center  avia-builder-el-14  el_before_av_textblock  avia-builder-el-first  '  itemprop=\"image\" itemscope=\"itemscope\" itemtype=\"https:\/\/schema.org\/ImageObject\" ><div class=\"avia-image-container-inner\"><div class=\"avia-image-overlay-wrap\"><img decoding=\"async\" class='wp-image-291 avia-img-lazy-loading-not-291 avia_image' src=\"https:\/\/gasbadia.com\/repsol\/wp-content\/uploads\/2021\/10\/flama.png\" alt='icona flama' title=''  height=\"84\" width=\"107\"  itemprop=\"thumbnailUrl\"  \/><\/div><\/div><\/div><br \/>\n<section class=\"av_textblock_section \"  itemscope=\"itemscope\" itemtype=\"https:\/\/schema.org\/CreativeWork\" ><div class='avia_textblock  '   itemprop=\"text\" ><h4 style=\"text-align: center;\">Flexibilitat<\/h4>\n<p style=\"text-align: center;\">Adaptable a diversos usos: generaci\u00f3 de calor\/freda, electricitat, aigua calenta, cocci\u00f3, etc.<\/p>\n<\/div><\/section><\/p><\/div><div class='flex_column av-1df56-14292842912d41c89bebaeb749611162 av_one_fourth  avia-builder-el-16  el_after_av_one_fourth  el_before_av_one_half  flex_column_div column-top-margin'   ><p>\n<style type=\"text\/css\" data-created_by=\"avia_inline_auto\" id=\"style-css-av-kupgei5p-6174df4177a3165039b4b0c8575d46c1\">\n.avia-image-container.av-kupgei5p-6174df4177a3165039b4b0c8575d46c1 .av-image-caption-overlay-center{\ncolor:#ffffff;\n}\n<\/style>\n<div  class='avia-image-container av-kupgei5p-6174df4177a3165039b4b0c8575d46c1 av-styling- avia-align-center  avia-builder-el-17  el_before_av_textblock  avia-builder-el-first  '  itemprop=\"image\" itemscope=\"itemscope\" itemtype=\"https:\/\/schema.org\/ImageObject\" ><div class=\"avia-image-container-inner\"><div class=\"avia-image-overlay-wrap\"><img decoding=\"async\" class='wp-image-293 avia-img-lazy-loading-not-293 avia_image' src=\"https:\/\/gasbadia.com\/repsol\/wp-content\/uploads\/2021\/10\/icono_bombona_butano.png\" alt='icono bombona buta' title=''  height=\"84\" width=\"107\"  itemprop=\"thumbnailUrl\"  \/><\/div><\/div><\/div><br \/>\n<section class=\"av_textblock_section \"  itemscope=\"itemscope\" itemtype=\"https:\/\/schema.org\/CreativeWork\" ><div class='avia_textblock  '   itemprop=\"text\" ><h4 style=\"text-align: center;\">Versatilitat<\/h4>\n<p style=\"text-align: center;\">Optimitza la teva instal\u00b7laci\u00f3 utilitzant GLP com a energia \u00fanica o de manera complement\u00e0ria a altres energies.<\/p>\n<\/div><\/section><\/p><\/div><div class='flex_column av-1345m-c5276b3d4a622cbb1e88a0a23eb684ca av_one_half  avia-builder-el-19  el_after_av_one_fourth  el_before_av_one_half  first flex_column_div column-top-margin'   ><p>\n<style type=\"text\/css\" data-created_by=\"avia_inline_auto\" id=\"style-css-av-kultk7b6-77a710a082d032efcfcba254583ee5d1\">\n#top .av-special-heading.av-kultk7b6-77a710a082d032efcfcba254583ee5d1{\npadding-bottom:10px;\n}\n<\/style>\n<div  class='av-special-heading av-kultk7b6-77a710a082d032efcfcba254583ee5d1 av-special-heading-h3  avia-builder-el-20  el_before_av_textblock  avia-builder-el-first  '><h3 class='av-special-heading-tag '  itemprop=\"headline\"  >Cobrim les teves expectatives millorant cont\u00ednuament els productes que t\u2019oferim<\/h3><div class='special-heading-border'><div class='special-heading-inner-border'><\/div><\/div><\/div><br \/>\n<section class=\"av_textblock_section \"  itemscope=\"itemscope\" itemtype=\"https:\/\/schema.org\/CreativeWork\" ><div class='avia_textblock  '   itemprop=\"text\" ><p>Gas Badia t&#8217;oferix els productes innovadors i de qualitat de Repsol But\u00e0 per a m\u00faltiples usos, tant per a la teva llar com per al teu negoci.<br \/>\nPosem a la teva disposici\u00f3 una \u00e0mplia gamma de productes i serveis perqu\u00e8 puguis triar el que millor s&#8217;adapti a les teves necessitats.<br \/>\nT&#8217;assessorem i valorem perqu\u00e8 gaudeixis de la millor energia amb els millors costos.<\/p>\n<\/div><\/section><\/p><\/div><div class='flex_column av-1k8cy-b4dc1366fabbe836a2927ab404234ec9 av_one_half  avia-builder-el-22  el_after_av_one_half  el_before_av_one_half  flex_column_div column-top-margin'   ><style type=\"text\/css\" data-created_by=\"avia_inline_auto\" id=\"style-css-av-kupgmz3h-99316d6d16e22593f1946b694dcfc049\">\n.avia-image-container.av-kupgmz3h-99316d6d16e22593f1946b694dcfc049 .av-image-caption-overlay-center{\ncolor:#ffffff;\n}\n<\/style>\n<div  class='avia-image-container av-kupgmz3h-99316d6d16e22593f1946b694dcfc049 av-styling- avia-align-right  avia-builder-el-23  avia-builder-el-no-sibling  '  itemprop=\"image\" itemscope=\"itemscope\" itemtype=\"https:\/\/schema.org\/ImageObject\" ><div class=\"avia-image-container-inner\"><div class=\"avia-image-overlay-wrap\"><img decoding=\"async\" class='wp-image-313 avia-img-lazy-loading-not-313 avia_image' src=\"https:\/\/gasbadia.com\/repsol\/wp-content\/uploads\/2021\/10\/bombones-500x375.jpg\" alt='bombones buta' title=''  height=\"375\" width=\"500\"  itemprop=\"thumbnailUrl\"  \/><\/div><\/div><\/div><\/div><div class='flex_column av-1uwdy-2f15b21504532e7e3bcc084fb3fe2587 av_one_half  avia-builder-el-24  el_after_av_one_half  el_before_av_one_half  first flex_column_div column-top-margin'   ><style type=\"text\/css\" data-created_by=\"avia_inline_auto\" id=\"style-css-av-1lqu2-3fa5b9928a549f6e82efc6a71e5ef9b0\">\n.avia-image-container.av-1lqu2-3fa5b9928a549f6e82efc6a71e5ef9b0 .av-image-caption-overlay-center{\ncolor:#ffffff;\n}\n<\/style>\n<div  class='avia-image-container av-1lqu2-3fa5b9928a549f6e82efc6a71e5ef9b0 av-styling- avia-align-left  avia-builder-el-25  avia-builder-el-no-sibling  '  itemprop=\"image\" itemscope=\"itemscope\" itemtype=\"https:\/\/schema.org\/ImageObject\" ><div class=\"avia-image-container-inner\"><div class=\"avia-image-overlay-wrap\"><img decoding=\"async\" class='wp-image-319 avia-img-lazy-loading-not-319 avia_image' src=\"https:\/\/gasbadia.com\/repsol\/wp-content\/uploads\/2021\/10\/butanero-500x375.jpg\" alt='home cargant una bombona de but\u00e0' title=''  height=\"375\" width=\"500\"  itemprop=\"thumbnailUrl\"  \/><\/div><\/div><\/div><\/div><div class='flex_column av-t8oe-f14b1956e073b3a38b861367fc605804 av_one_half  avia-builder-el-26  el_after_av_one_half  avia-builder-el-last  flex_column_div column-top-margin'   ><p>\n<style type=\"text\/css\" data-created_by=\"avia_inline_auto\" id=\"style-css-av-kupgt8qu-9503db160194f31664bf1e37a09155a9\">\n#top .av-special-heading.av-kupgt8qu-9503db160194f31664bf1e37a09155a9{\npadding-bottom:10px;\n}\n<\/style>\n<div  class='av-special-heading av-kupgt8qu-9503db160194f31664bf1e37a09155a9 av-special-heading-h3  avia-builder-el-27  el_before_av_textblock  avia-builder-el-first  '><h3 class='av-special-heading-tag '  itemprop=\"headline\"  >Una soluci\u00f3 energ\u00e8tica que t\u2019ajuda a millorar en la teva llar i en el teu negoci<\/h3><div class='special-heading-border'><div class='special-heading-inner-border'><\/div><\/div><\/div><br \/>\n<section class=\"av_textblock_section \"  itemscope=\"itemscope\" itemtype=\"https:\/\/schema.org\/CreativeWork\" ><div class='avia_textblock  '   itemprop=\"text\" ><p>Gas Badia som Servei Oficial de Repsol, amb llic\u00e8ncia n\u00famero: 25654 i t&#8217;oferim un servei d&#8217;assist\u00e8ncia t\u00e8cnica i de manteniment adaptat a les necessitats de la teva llar i del teu negoci.<\/p>\n<p>T&#8217;assessorem per trobar la soluci\u00f3 energ\u00e8tica m\u00e9s eficient ajustada a les teves necessitats, la qual cosa ens ajuda a ser un actor rellevant en tots els sectors d&#8217;aplicaci\u00f3 dels diferents usos del gas.<\/p>\n<p>Oferim solucions per als seg\u00fcents sectors:<\/p>\n<ul>\n<li><strong>La llar, on portem la calor intel\u00b7ligent amb el m\u00e0xim confort<\/strong><\/li>\n<li><strong> L&#8217;hostaleria, amb una soluci\u00f3 energ\u00e8tica flexible i c\u00f2moda per a diferents usos: des de la cuina i l&#8217;aigua calenta<\/strong><\/li>\n<li><strong> L&#8217;agricultura. on el gas de Repsol t&#8217;ajuda al correcte funcionament de diferents instal\u00b7lacions com a granges av\u00edcoles i porcines.<\/strong><\/li>\n<li><strong> La ind\u00fastria. amb productes que s&#8217;adapten a les necessitats del teu negoci.<\/strong><\/li>\n<li><strong> El sector serveis. perqu\u00e8 puguis optimitzarar el teu consum energ\u00e8tic<\/strong><\/li>\n<\/ul>\n<\/div><\/section><\/p><\/div><\/div><\/div><\/div><!-- close content main div --><\/div><\/div><div id='after_section_2'  class='main_color av_default_container_wrap container_wrap sidebar_right'  ><div class='container av-section-cont-open' ><div class='template-page content  av-content-small alpha units'><div class='post-entry post-entry-type-page post-entry-70'><div class='entry-content-wrapper clearfix'><div class='flex_column av-q3he-4fd00909c5deaf5a1da95a7253811969 av_one_fourth  avia-builder-el-29  el_after_av_section  avia-builder-el-no-sibling  first flex_column_div '   ><\/div><\/p>\n","protected":false},"excerpt":{"rendered":"","protected":false},"author":1,"featured_media":0,"parent":0,"menu_order":0,"comment_status":"closed","ping_status":"closed","template":"","meta":{"footnotes":""},"_links":{"self":[{"href":"https:\/\/gasbadia.com\/repsol\/wp-json\/wp\/v2\/pages\/70"}],"collection":[{"href":"https:\/\/gasbadia.com\/repsol\/wp-json\/wp\/v2\/pages"}],"about":[{"href":"https:\/\/gasbadia.com\/repsol\/wp-json\/wp\/v2\/types\/page"}],"author":[{"embeddable":true,"href":"https:\/\/gasbadia.com\/repsol\/wp-json\/wp\/v2\/users\/1"}],"replies":[{"embeddable":true,"href":"https:\/\/gasbadia.com\/repsol\/wp-json\/wp\/v2\/comments?post=70"}],"version-history":[{"count":36,"href":"https:\/\/gasbadia.com\/repsol\/wp-json\/wp\/v2\/pages\/70\/revisions"}],"predecessor-version":[{"id":394,"href":"https:\/\/gasbadia.com\/repsol\/wp-json\/wp\/v2\/pages\/70\/revisions\/394"}],"wp:attachment":[{"href":"https:\/\/gasbadia.com\/repsol\/wp-json\/wp\/v2\/media?parent=70"}],"curies":[{"name":"wp","href":"https:\/\/api.w.org\/{rel}","templated":true}]}}